{"id":443,"date":"2017-10-11T18:09:26","date_gmt":"2017-10-11T15:09:26","guid":{"rendered":"http:\/\/e-francais.gr\/%ce%b1%cf%81%cf%87%ce%b9%ce%ba%ce%ae\/"},"modified":"2018-02-07T14:20:34","modified_gmt":"2018-02-07T11:20:34","slug":"home","status":"publish","type":"page","link":"https:\/\/e-francais.gr\/fr\/","title":{"rendered":"Home"},"content":{"rendered":"<div class=\"wpb-content-wrapper\"><p>[vc_row][vc_column][vc_empty_space height=\"50\"][\/vc_column][\/vc_row][vc_row][vc_column width=\"1\/3\"]\n<div id=\"interactive-banner-1-wrap-4873\" class=\"ult-banner-block ult-adjust-bottom-margin ult-bb-more  banner-style01 \"   style=\"\">\n\t<img decoding=\"async\" src=\"https:\/\/e-francais.gr\/wp-content\/uploads\/2017\/10\/secretary.jpg\" alt=\"null\">\n\t<h3  data-ultimate-target='#interactive-banner-1-wrap-4873 .bb-top-title '  data-responsive-json-new='{\"font-size\":\"\",\"line-height\":\"\"}'  class=\"title-center bb-top-title ult-responsive\" style=\"font-weight:bold;background:#595ca1;color:#ffffff;\">Secr\u00e9tariat \u00e0 distance<\/h3>\n\t<div class=\"mask opaque-background\" style=\"background:rgba(89,92,161,0.9);\">\n\t\t<div  data-ultimate-target='#interactive-banner-1-wrap-4873 .bb-description'  data-responsive-json-new='{\"font-size\":\"\",\"line-height\":\"\"}'  class=\"bb-description ult-responsive\" style=\"font-weight:normal;color:#ffffff;\">Vous n\u2019avez pas le temps de chercher et de trouver une secr\u00e9taire bilingue, Le co\u00fbt d\u2019un emploi permanent vous p\u00e8se \u00e9conomiquement ?<br \/>\n<\/div>\n\t\t<a class=\"bb-link\" href=\"http:\/\/e-francais.gr\/fr\/grammateiaki-ypostiriksi\/\"  style=\"background:#ffffff;color:#595ca1;\">Plus<\/a>\n\t<\/div>\n<\/div>[\/vc_column][vc_column width=\"1\/3\"]\n<div id=\"interactive-banner-1-wrap-4756\" class=\"ult-banner-block ult-adjust-bottom-margin ult-bb-more  banner-style01 \"   style=\"\">\n\t<img decoding=\"async\" src=\"https:\/\/e-francais.gr\/wp-content\/uploads\/2017\/10\/translations.jpg\" alt=\"null\">\n\t<h3  data-ultimate-target='#interactive-banner-1-wrap-4756 .bb-top-title '  data-responsive-json-new='{\"font-size\":\"\",\"line-height\":\"\"}'  class=\"title-center bb-top-title ult-responsive\" style=\"font-weight:bold;background:#595ca1;color:#ffffff;\">Traductions<\/h3>\n\t<div class=\"mask opaque-background\" style=\"background:rgba(89,92,161,0.9);\">\n\t\t<div  data-ultimate-target='#interactive-banner-1-wrap-4756 .bb-description'  data-responsive-json-new='{\"font-size\":\"\",\"line-height\":\"\"}'  class=\"bb-description ult-responsive\" style=\"font-weight:normal;color:#ffffff;\">Vous souhaitez donner une image s\u00e9rieuse et professionnelle de votre entreprise ou pour des raisons personnelles et d\u2019\u00e9viter les mauvaises traductions...<\/div>\n\t\t<a class=\"bb-link\" href=\"http:\/\/e-francais.gr\/fr\/metafraseis\/\"  style=\"background:#ffffff;color:#595ca1;\">Plus<\/a>\n\t<\/div>\n<\/div>[\/vc_column][vc_column width=\"1\/3\"]\n<div id=\"interactive-banner-1-wrap-2829\" class=\"ult-banner-block ult-adjust-bottom-margin ult-bb-more  banner-style01 \"   style=\"\">\n\t<img decoding=\"async\" src=\"https:\/\/e-francais.gr\/wp-content\/uploads\/2017\/10\/consultant.jpg\" alt=\"null\">\n\t<h3  data-ultimate-target='#interactive-banner-1-wrap-2829 .bb-top-title '  data-responsive-json-new='{\"font-size\":\"\",\"line-height\":\"\"}'  class=\"title-center bb-top-title ult-responsive\" style=\"font-weight:bold;background:#595ca1;color:#ffffff;\">Soutien et conseil en Francais<\/h3>\n\t<div class=\"mask opaque-background\" style=\"background:rgba(89,92,161,0.9);\">\n\t\t<div  data-ultimate-target='#interactive-banner-1-wrap-2829 .bb-description'  data-responsive-json-new='{\"font-size\":\"\",\"line-height\":\"\"}'  class=\"bb-description ult-responsive\" style=\"font-weight:normal;color:#ffffff;\">La culture et mentalit\u00e9 fran\u00e7aises \u2013 les jours f\u00e9ri\u00e9s fran\u00e7ais et les f\u00eates nationales \u2013 les sp\u00e9cialit\u00e9s fran\u00e7aises culinaires - les habitudes et les mentalit\u00e9s d\u2019une entreprise fran\u00e7aise \u2013 les documents fran\u00e7ais, etc\u2026<br \/>\n<\/div>\n\t\t<a class=\"bb-link\" href=\"http:\/\/e-francais.gr\/fr\/symvouleftiki-ypostirksi\/\"  style=\"background:#ffffff;color:#595ca1;\">Plus<\/a>\n\t<\/div>\n<\/div>[\/vc_column][\/vc_row][vc_row][vc_column][vc_column_text]<\/p>\n<h2 style=\"text-align: center;\"><strong>Online cours<\/strong><\/h2>\n<p>[\/vc_column_text][vc_column_text]<div  class='column dt-sc-full-width  space  first'    ><div class=\"dt-sc-classes-list-shortcode\" data-postlayout=\"one-third-column\" data-postperpage=\"6\"><div class=\"dt-sc-classes-filters hidden\"><div class=\"classes-type \">\n\t\t\t\t\t\t\t\t\t<a class=\"class-type class-type-all active\" data-postid=\"443\" data-class_type=\"all\"> <span> <\/span>Tous  <\/a>\n\t\t\t\t\t\t\t\t\t<a class=\"class-type class-type-onsite\" data-postid=\"443\" data-class_type=\"onsite\"> <span> <\/span>Dans le site <\/a>\n\t\t\t\t\t\t\t\t\t<a class=\"class-type class-type-online\" data-postid=\"443\" data-class_type=\"online\"> <span> <\/span>En ligne <\/a>\n\t\t\t\t\t\t\t\t<\/div><div class=\"classes-items-type \">\n\t\t\t\t\t\t\t\t\t<a class=\"class-item-type class-item-type-all active\" data-postid=\"443\" data-class_item_type=\"all\"> <span> <\/span>Tous  <\/a>\n\t\t\t\t\t\t\t\t\t<a class=\"class-item-type class-item-type-popular\" data-postid=\"443\" data-class_item_type=\"popular\"> <span> <\/span>Populaire <\/a>\n\t\t\t\t\t\t\t\t\t<a class=\"class-item-type class-item-type-featured\" data-postid=\"443\" data-class_item_type=\"featured\"> <span> <\/span>Recommand\u00e9 <\/a>\n\t\t\t\t\t\t\t\t<\/div><\/div><div class=\"classes-view-type hidden\">\n\t\t\t\t\t\t\t\t<a class=\"class-layout class-grid-type active\" data-postid=\"443\" data-view_type=\"grid\"> <span class=\"fa fa-th-large\"> <\/span>Grid View<\/a>\n\t\t\t\t\t\t\t\t<a class=\"class-layout class-list-type\" data-postid=\"443\" data-view_type=\"list\"> <span class=\"fa fa-th-list\"> <\/span>Projection de la liste <\/a>\n\t\t\t\t\t\t\t<\/div><div id=\"dt-sc-ajax-load-image\" style=\"display:none;\"><img decoding=\"async\" src=\"https:\/\/e-francais.gr\/wp-content\/themes\/lms\/images\/loading.gif\" alt=\"\" \/><\/div>\n\t\t\t\t\t\t\t<div id=\"ajax_tpl_class_content\"><\/div>\n\n\t\t\t\t<\/div><\/div>[\/vc_column_text][vc_empty_space height=\"50px\"][\/vc_column][\/vc_row][vc_row][vc_column][vc_empty_space height=\"50px\"][\/vc_column][\/vc_row][vc_row full_width=\"stretch_row_content_no_spaces\" parallax=\"content-moving\" parallax_image=\"83\" css=\".vc_custom_1507877016452{padding-top: 60px !important;}\"][vc_column css=\".vc_custom_1507876687877{padding-left: 60px !important;}\"][vc_column_text]        <div class=\"wpcs_product_carousel_slider\">\r\n\r\n            <style type=\"text\/css\">\r\n\r\n                .wpcs_product_carousel_slider .another_carousel_header i.prev-118664070,\r\n                .wpcs_product_carousel_slider .another_carousel_header i.next-118664070 {\r\n                ;\r\n                ;\r\n                }\r\n                .wpcs_product_carousel_slider .another_carousel_header i.fa-angle-left.prev-118664070:hover,\r\n                .wpcs_product_carousel_slider .another_carousel_header i.fa-angle-right.next-118664070:hover {\r\n                ;\r\n                ;\r\n                }\r\n\r\n                #woo-product-carousel-wrapper-118664070 .owl-item .item h4.product_name {\r\n                ;\r\n                }\r\n                #woo-product-carousel-wrapper-118664070 .owl-item .item h4.product_name a {\r\n                ;\r\n\r\n                }\r\n                #woo-product-carousel-wrapper-118664070 .owl-item .item h4.product_name a:hover {\r\n                ;\r\n\r\n                }\r\n                #woo-product-carousel-wrapper-118664070 .owl-item .item .price {\r\n                ;\r\n\r\n                }\r\n                #woo-product-carousel-wrapper-118664070 .price,\r\n                #woo-product-carousel-wrapper-118664070 .price ins {\r\n                ;\r\n\r\n                }\r\n\r\n                #woo-product-carousel-wrapper-118664070 .wpcs_rating .woocommerce-product-rating {\r\n                ;\r\n\r\n                }\r\n                #woo-product-carousel-wrapper-118664070 .woocommerce .star-rating {\r\n                ;\r\n\r\n                }\r\n                #woo-product-carousel-wrapper-118664070 .owl-item .item .cart .add_to_cart_button,\r\n                #woo-product-carousel-wrapper-118664070 .owl-item .item .cart a.added_to_cart.wc-forward {\r\n                ;\r\n\r\n                ;\r\n\r\n                ;\r\n\r\n                ;\r\n\r\n                }\r\n                #woo-product-carousel-wrapper-118664070 .owl-item .item .cart .add_to_cart_button:hover,\r\n                #woo-product-carousel-wrapper-118664070 .owl-item .item .cart a.added_to_cart.wc-forward:hover {\r\n                ;\r\n                ;\r\n                ;\r\n\r\n                }\r\n\r\n            <\/style>\r\n\r\n                            <div class=\"another_carousel_header\">\r\n                                    <\/div>\r\n            \r\n            <div id=\"woo-product-carousel-wrapper-118664070\" class=\"owl-carousel owl-theme\">\r\n                                    <div class=\"item\">\r\n                                                <div class=\"product_container\">\r\n                            <div class=\"product_image_container\">\r\n                                <a id=\"id-2327\" class=\"product_thumb_link\" href=\"https:\/\/e-francais.gr\/fr\/shop\/les-expressions-idiomatiques-francaises\/\" title=\"LES EXPRESSIONS IDIOMATIQUES FRANCAISES\">\r\n                                    <img decoding=\"async\" src=\"https:\/\/e-francais.gr\/wp-content\/uploads\/2019\/06\/images-idiomatiques-300x300.jpg\" class=\"wpcs-thum\" alt=\"LES EXPRESSIONS IDIOMATIQUES FRANCAISES\" \/>                                <\/a>\r\n                            <\/div>\r\n                            <div class=\"caption\">\r\n                                                            <\/div>\r\n                        <\/div>\r\n\r\n                    <\/div>\r\n                                    <div class=\"item\">\r\n                                                <div class=\"product_container\">\r\n                            <div class=\"product_image_container\">\r\n                                <a id=\"id-2259\" class=\"product_thumb_link\" href=\"https:\/\/e-francais.gr\/fr\/shop\/lorigine-des-prenoms-francais\/\" title=\"L&rsquo;ORIGINE DES PRENOMS FRANCAIS\">\r\n                                    <img decoding=\"async\" src=\"https:\/\/e-francais.gr\/wp-content\/uploads\/2019\/04\/prenoms-francais-300x300.jpg\" class=\"wpcs-thum\" alt=\"L&rsquo;ORIGINE DES PRENOMS FRANCAIS\" \/>                                <\/a>\r\n                            <\/div>\r\n                            <div class=\"caption\">\r\n                                                            <\/div>\r\n                        <\/div>\r\n\r\n                    <\/div>\r\n                                    <div class=\"item\">\r\n                                                <div class=\"product_container\">\r\n                            <div class=\"product_image_container\">\r\n                                <a id=\"id-1971\" class=\"product_thumb_link\" href=\"https:\/\/e-francais.gr\/fr\/shop\/canal-m-o-o-c-banque-finance-niveau-a2-b1\/\" title=\"CANAL M.O.O.C &#8211; BANQUE\/FINANCE &#8211; NIVEAU A2\/B1\">\r\n                                    <img decoding=\"async\" src=\"https:\/\/e-francais.gr\/wp-content\/uploads\/2017\/11\/trapeza-300x300.jpg\" class=\"wpcs-thum\" alt=\"CANAL M.O.O.C &#8211; BANQUE\/FINANCE &#8211; NIVEAU A2\/B1\" \/>                                <\/a>\r\n                            <\/div>\r\n                            <div class=\"caption\">\r\n                                                            <\/div>\r\n                        <\/div>\r\n\r\n                    <\/div>\r\n                                    <div class=\"item\">\r\n                                                <div class=\"product_container\">\r\n                            <div class=\"product_image_container\">\r\n                                <a id=\"id-1874\" class=\"product_thumb_link\" href=\"https:\/\/e-francais.gr\/fr\/shop\/canal-m-o-o-c-cours-pour-metiers-secretariat-niveau-a2-b1\/\" title=\"CANAL M.O.O.C COURS POUR METIERS SECRETARIAT &#8211; NIVEAU A2\/B1\">\r\n                                    <img decoding=\"async\" src=\"https:\/\/e-francais.gr\/wp-content\/uploads\/2018\/11\/secretariat-300x300.jpg\" class=\"wpcs-thum\" alt=\"CANAL M.O.O.C COURS POUR METIERS SECRETARIAT &#8211; NIVEAU A2\/B1\" \/>                                <\/a>\r\n                            <\/div>\r\n                            <div class=\"caption\">\r\n                                                            <\/div>\r\n                        <\/div>\r\n\r\n                    <\/div>\r\n                                    <div class=\"item\">\r\n                                                <div class=\"product_container\">\r\n                            <div class=\"product_image_container\">\r\n                                <a id=\"id-1528\" class=\"product_thumb_link\" href=\"https:\/\/e-francais.gr\/fr\/shop\/les-herbes-et-aromatiques-de-cuisine\/\" title=\"LES HERBES ET AROMATIQUES DE CUISINE\">\r\n                                    <img decoding=\"async\" src=\"https:\/\/e-francais.gr\/wp-content\/uploads\/2018\/07\/517-les-plantes-aromatiques1-300x300.gif\" class=\"wpcs-thum\" alt=\"LES HERBES ET AROMATIQUES DE CUISINE\" \/>                                <\/a>\r\n                            <\/div>\r\n                            <div class=\"caption\">\r\n                                                            <\/div>\r\n                        <\/div>\r\n\r\n                    <\/div>\r\n                                    <div class=\"item\">\r\n                                                <div class=\"product_container\">\r\n                            <div class=\"product_image_container\">\r\n                                <a id=\"id-1065\" class=\"product_thumb_link\" href=\"https:\/\/e-francais.gr\/fr\/shop\/cours-de-francais-pour-certifications-officielles-niveaux-a1-a2-c2\/\" title=\"CANAL M.O.O.C  FRANCAIS POUR CERTIFICATIONS OFFICIELLES &#8211; TOUS NIVEAUX\">\r\n                                    <img decoding=\"async\" src=\"https:\/\/e-francais.gr\/wp-content\/uploads\/2017\/11\/grammatiki-pol-300x300.jpg\" class=\"wpcs-thum\" alt=\"CANAL M.O.O.C  FRANCAIS POUR CERTIFICATIONS OFFICIELLES &#8211; TOUS NIVEAUX\" \/>                                <\/a>\r\n                            <\/div>\r\n                            <div class=\"caption\">\r\n                                                            <\/div>\r\n                        <\/div>\r\n\r\n                    <\/div>\r\n                                    <div class=\"item\">\r\n                                                <div class=\"product_container\">\r\n                            <div class=\"product_image_container\">\r\n                                <a id=\"id-1063\" class=\"product_thumb_link\" href=\"https:\/\/e-francais.gr\/fr\/shop\/cours-de-francais-domaine-medical-niveau-b2\/\" title=\"CANAL M.O.O.C  FRANCAIS DOMAINE MEDICAL  &#8211; NIVEAU B2\">\r\n                                    <img decoding=\"async\" src=\"https:\/\/e-francais.gr\/wp-content\/uploads\/2018\/01\/IMAGE-DOCTEUR-300x300.jpg\" class=\"wpcs-thum\" alt=\"CANAL M.O.O.C  FRANCAIS DOMAINE MEDICAL  &#8211; NIVEAU B2\" \/>                                <\/a>\r\n                            <\/div>\r\n                            <div class=\"caption\">\r\n                                                            <\/div>\r\n                        <\/div>\r\n\r\n                    <\/div>\r\n                                    <div class=\"item\">\r\n                                                <div class=\"product_container\">\r\n                            <div class=\"product_image_container\">\r\n                                <a id=\"id-1062\" class=\"product_thumb_link\" href=\"https:\/\/e-francais.gr\/fr\/shop\/cours-de-francais-domaine-juridique-niveau-b2\/\" title=\"CANAL M.O.O.C FRANCAIS DOMAINE JURIDIQUE &#8211; NIVEAU B2\">\r\n                                    <img decoding=\"async\" src=\"https:\/\/e-francais.gr\/wp-content\/uploads\/2018\/01\/IMAGE-AVOCAT-300x300.jpg\" class=\"wpcs-thum\" alt=\"CANAL M.O.O.C FRANCAIS DOMAINE JURIDIQUE &#8211; NIVEAU B2\" \/>                                <\/a>\r\n                            <\/div>\r\n                            <div class=\"caption\">\r\n                                                            <\/div>\r\n                        <\/div>\r\n\r\n                    <\/div>\r\n                                    <div class=\"item\">\r\n                                                <div class=\"product_container\">\r\n                            <div class=\"product_image_container\">\r\n                                <a id=\"id-1061\" class=\"product_thumb_link\" href=\"https:\/\/e-francais.gr\/fr\/shop\/cours-de-francais-cuisine-patisserie-niveaux-a1-a2-b1-b2\/\" title=\"CANAL M.O.O.C  FRANCAIS CUISINE\/PATISSERIE &#8211; NIVEAUX A1-A2-B1-B2\">\r\n                                    <img decoding=\"async\" src=\"https:\/\/e-francais.gr\/wp-content\/uploads\/2017\/11\/mageiriki-300x300.jpg\" class=\"wpcs-thum\" alt=\"CANAL M.O.O.C  FRANCAIS CUISINE\/PATISSERIE &#8211; NIVEAUX A1-A2-B1-B2\" \/>                                <\/a>\r\n                            <\/div>\r\n                            <div class=\"caption\">\r\n                                                            <\/div>\r\n                        <\/div>\r\n\r\n                    <\/div>\r\n                                    <div class=\"item\">\r\n                                                <div class=\"product_container\">\r\n                            <div class=\"product_image_container\">\r\n                                <a id=\"id-1060\" class=\"product_thumb_link\" href=\"https:\/\/e-francais.gr\/fr\/shop\/cours-de-francais-secteur-mode-niveaux-a2-b1\/\" title=\"CANAL M.O.O.C  FRANCAIS SECTEUR MODE &#8211; NIVEAUX A2-B1\">\r\n                                    <img decoding=\"async\" src=\"https:\/\/e-francais.gr\/wp-content\/uploads\/2017\/11\/moda-pol-300x300.jpg\" class=\"wpcs-thum\" alt=\"CANAL M.O.O.C  FRANCAIS SECTEUR MODE &#8211; NIVEAUX A2-B1\" \/>                                <\/a>\r\n                            <\/div>\r\n                            <div class=\"caption\">\r\n                                                            <\/div>\r\n                        <\/div>\r\n\r\n                    <\/div>\r\n                                    <div class=\"item\">\r\n                                                <div class=\"product_container\">\r\n                            <div class=\"product_image_container\">\r\n                                <a id=\"id-1059\" class=\"product_thumb_link\" href=\"https:\/\/e-francais.gr\/fr\/shop\/cours-de-francais-hotellerie-niveaux-a2-b1\/\" title=\"CANAL M.O.O.C  FRANCAIS HOTELLERIE  &#8211; NIVEAUX A2-B1\">\r\n                                    <img decoding=\"async\" src=\"https:\/\/e-francais.gr\/wp-content\/uploads\/2017\/11\/ksenodoxeia-pol-300x300.jpg\" class=\"wpcs-thum\" alt=\"CANAL M.O.O.C  FRANCAIS HOTELLERIE  &#8211; NIVEAUX A2-B1\" \/>                                <\/a>\r\n                            <\/div>\r\n                            <div class=\"caption\">\r\n                                                            <\/div>\r\n                        <\/div>\r\n\r\n                    <\/div>\r\n                                    <div class=\"item\">\r\n                                                <div class=\"product_container\">\r\n                            <div class=\"product_image_container\">\r\n                                <a id=\"id-1025\" class=\"product_thumb_link\" href=\"https:\/\/e-francais.gr\/fr\/shop\/cours-particuliers-au-mois-5-heures-par-semaine\/\" title=\"COURS PARTICULIERS AU MOIS -5 HEURES PAR SEMAINE\">\r\n                                    <img decoding=\"async\" src=\"https:\/\/e-francais.gr\/wp-content\/uploads\/2017\/11\/idiaitera-month5-300x300.jpg\" class=\"wpcs-thum\" alt=\"COURS PARTICULIERS AU MOIS -5 HEURES PAR SEMAINE\" \/>                                <\/a>\r\n                            <\/div>\r\n                            <div class=\"caption\">\r\n                                                            <\/div>\r\n                        <\/div>\r\n\r\n                    <\/div>\r\n                            <\/div> <!-- End woo-product-carousel-wrapper -->\r\n                    <\/div> <!-- End wpcs_product_carousel_slider -->\r\n\r\n        <script type=\"text\/javascript\">\r\n            jQuery(document).ready(function($) {\r\n\r\n                var $wpcs = $(\"#woo-product-carousel-wrapper-118664070\");\r\n\r\n                $wpcs.owlCarousel({\r\n\r\n                    \/*updated code of the carousel for the version 2.2.1*\/\r\n                    rewind:false,\r\n                    loop:true,\r\n                    autoWidth:false,\r\n                    responsiveClass:true,\r\n                    autoplayHoverPause:false,\r\n                    autoplay:false,\r\n\r\n                    dots:false,\r\n                    autoplayTimeout: 4000,\r\n                    dotData:true,\r\n                    dotsEach:false,\r\n                    rtl:false,\r\n                    slideBy:1,\r\n                    nav:false, \/\/ we are using custom navigation arrow, so lets turn the default navigation off\r\n                    navText:['\u2039','\u203a'],\r\n                    smartSpeed: 1000, \/\/ it smooths the transition, and it should be lower than the speed of the auto play\r\n                    responsive:{\r\n                        0 : {\r\n                            items:1\r\n                        },\r\n                        350: {\r\n                            items:1                        },\r\n                        480: {\r\n                            items:2                        },\r\n                        600 : {\r\n                            items:3                        },\r\n                        768:{\r\n                            items:4                        },\r\n                        978:{\r\n                            items:4                          },\r\n                        1198:{\r\n                            items:5                        }\r\n                    }\r\n\r\n\r\n                });\r\n\r\n\r\n                \/\/ stop on hover but play after hover out\r\n                \r\n                \/\/ custom navigation for the owl carousel\r\n                $(\".next-118664070\").click(function(){\r\n                    $wpcs.trigger(\"next.owl.carousel\");\r\n                });\r\n\r\n                $(\".prev-118664070\").click(function(){\r\n                    $wpcs.trigger(\"prev.owl.carousel\");\r\n                });\r\n\r\n            });\r\n        <\/script>\r\n        [\/vc_column_text][vc_btn title=\"tous les s\u00e9minaires\" color=\"violet\" align=\"center\" link=\"url:https%3A%2F%2Fe-francais.gr%2Ffr%2Fekpaideftika-seminaria%2F|||\"][\/vc_column][\/vc_row][vc_row][vc_column][vc_column_text]<\/p>\n<h2 style=\"text-align: center;\"><strong>Derni\u00e8res nouvelles<\/strong><\/h2>\n<p>[\/vc_column_text][vc_basic_grid post_type=\"post\" max_items=\"3\" grid_id=\"vc_gid:1516615524362-a867e70d-9bc9-7\"][\/vc_column][\/vc_row]<\/p>\n<\/div>","protected":false},"excerpt":{"rendered":"<p>[vc_row][vc_column][vc_empty_space height=\u00a0\u00bb50&Prime;][\/vc_column][\/vc_row][vc_row][vc_column width=\u00a0\u00bb1\/3&Prime;][\/vc_column][vc_column width=\u00a0\u00bb1\/3&Prime;][\/vc_column][vc_column width=\u00a0\u00bb1\/3&Prime;][\/vc_column][\/vc_row][vc_row][vc_column][vc_column_text] Online cours [\/vc_column_text][vc_column_text][\/vc_column_text][vc_empty_space height=\u00a0\u00bb50px\u00a0\u00bb][\/vc_column][\/vc_row][vc_row][vc_column][vc_empty_space height=\u00a0\u00bb50px\u00a0\u00bb][\/vc_column][\/vc_row][vc_row full_width=\u00a0\u00bbstretch_row_content_no_spaces\u00a0\u00bb parallax=\u00a0\u00bbcontent-moving\u00a0\u00bb parallax_image=\u00a0\u00bb83&Prime; css=\u00a0\u00bb.vc_custom_1507877016452{padding-top: 60px !important;}\u00a0\u00bb][vc_column css=\u00a0\u00bb.vc_custom_1507876687877{padding-left: 60px !important;}\u00a0\u00bb][vc_column_text][\/vc_column_text][vc_btn title=\u00a0\u00bbtous les s\u00e9minaires\u00a0\u00bb color=\u00a0\u00bbviolet\u00a0\u00bb align=\u00a0\u00bbcenter\u00a0\u00bb link=\u00a0\u00bburl:https%3A%2F%2Fe-francais.gr%2Ffr%2Fekpaideftika-seminaria%2F|||\u00a0\u00bb][\/vc_column][\/vc_row][vc_row][vc_column][vc_column_text] Derni\u00e8res nouvelles [\/vc_column_text][vc_basic_grid post_type=\u00a0\u00bbpost\u00a0\u00bb max_items=\u00a0\u00bb3&Prime; grid_id=\u00a0\u00bbvc_gid:1516615524362-a867e70d-9bc9-7&Prime;][\/vc_column][\/vc_row]<\/p>\n","protected":false},"author":1,"featured_media":0,"parent":0,"menu_order":0,"comment_status":"closed","ping_status":"open","template":"","meta":{"footnotes":""},"class_list":["post-443","page","type-page","status-publish","hentry"],"_links":{"self":[{"href":"https:\/\/e-francais.gr\/fr\/wp-json\/wp\/v2\/pages\/443","targetHints":{"allow":["GET"]}}],"collection":[{"href":"https:\/\/e-francais.gr\/fr\/wp-json\/wp\/v2\/pages"}],"about":[{"href":"https:\/\/e-francais.gr\/fr\/wp-json\/wp\/v2\/types\/page"}],"author":[{"embeddable":true,"href":"https:\/\/e-francais.gr\/fr\/wp-json\/wp\/v2\/users\/1"}],"replies":[{"embeddable":true,"href":"https:\/\/e-francais.gr\/fr\/wp-json\/wp\/v2\/comments?post=443"}],"version-history":[{"count":8,"href":"https:\/\/e-francais.gr\/fr\/wp-json\/wp\/v2\/pages\/443\/revisions"}],"predecessor-version":[{"id":815,"href":"https:\/\/e-francais.gr\/fr\/wp-json\/wp\/v2\/pages\/443\/revisions\/815"}],"wp:attachment":[{"href":"https:\/\/e-francais.gr\/fr\/wp-json\/wp\/v2\/media?parent=443"}],"curies":[{"name":"wp","href":"https:\/\/api.w.org\/{rel}","templated":true}]}}