{"id":447,"date":"2017-10-11T18:16:49","date_gmt":"2017-10-11T15:16:49","guid":{"rendered":"http:\/\/e-francais.gr\/profile\/"},"modified":"2025-02-14T16:23:03","modified_gmt":"2025-02-14T13:23:03","slug":"profile","status":"publish","type":"page","link":"https:\/\/e-francais.gr\/fr\/profile\/","title":{"rendered":"Profil"},"content":{"rendered":"<div class=\"wpb-content-wrapper\"><p>[vc_row][vc_column width=\"1\/3\"][vc_column_text]<div class=\"column dt-sc-one-column first\">   <div class='dt-sc-team'>\t\t<div class='image'><img loading=\"lazy\" decoding=\"async\" width=\"800\" height=\"800\" src=\"https:\/\/e-francais.gr\/wp-content\/uploads\/2017\/11\/cathren.jpg\" class=\"attachment-full size-full wp-post-image\" alt=\"\" srcset=\"https:\/\/e-francais.gr\/wp-content\/uploads\/2017\/11\/cathren.jpg 800w, https:\/\/e-francais.gr\/wp-content\/uploads\/2017\/11\/cathren-300x300.jpg 300w, https:\/\/e-francais.gr\/wp-content\/uploads\/2017\/11\/cathren-100x100.jpg 100w, https:\/\/e-francais.gr\/wp-content\/uploads\/2017\/11\/cathren-600x600.jpg 600w, https:\/\/e-francais.gr\/wp-content\/uploads\/2017\/11\/cathren-150x150.jpg 150w, https:\/\/e-francais.gr\/wp-content\/uploads\/2017\/11\/cathren-768x768.jpg 768w, https:\/\/e-francais.gr\/wp-content\/uploads\/2017\/11\/cathren-180x180.jpg 180w\" sizes=\"auto, (max-width: 800px) 100vw, 800px\" \/> \t\t<\/div>\t\t<div class=\"team-details\">\t\t\t<h5><a href=\"https:\/\/e-francais.gr\/wp-admin\/admin-ajax.php?ajax=true&amp;action=dttheme_team_member&amp;post_id=497&amp;nonce=e27ef7ad1d\" data-gal=\"prettyPhoto[pp_gal]\">Catherine Marchand<\/a><\/h5><h6>\u0399\u03b4\u03c1\u03c5\u03c4\u03ae\u03c2<\/h6>\t\t<\/div>   <\/div><\/div>[\/vc_column_text][\/vc_column][vc_column width=\"2\/3\"][vc_empty_space height=\"50\"][vc_column_text]<\/p>\n<blockquote>\n<p><strong><em>e-francais <\/em><\/strong><strong>est\u00a0 une nouvelle gamme\u00a0 de services en Fran\u00e7ais et en Grec couvrant tous les besoins\u00a0 dans le domaine linguistique offrant les meilleurs services adapt\u00e9s \u00e0 vos besoins avec la meilleure solution \u00e9conomique ad\u00e9quate<\/strong><\/p>\n<\/blockquote>\n<p>[\/vc_column_text][vc_row_inner][vc_column_inner width=\"1\/2\"]<div class=\"aio-icon-component    style_1\"><div id=\"Info-box-wrap-9499\" class=\"aio-icon-box default-icon\" style=\"\"  ><div class=\"aio-icon-default\"><div class=\"ult-just-icon-wrapper  \"><div class=\"align-icon\" style=\"text-align:center;\">\n<div class=\"aio-icon square \"  style=\"color:#ffffff;background:#333333;font-size:32px;display:inline-block;\">\n\t<i class=\"Defaults-globe\"><\/i>\n<\/div><\/div><\/div><\/div><div class=\"aio-icon-header\" ><h3 class=\"aio-icon-title ult-responsive\"  data-ultimate-target='#Info-box-wrap-9499 .aio-icon-title'  data-responsive-json-new='{\"font-size\":\"\",\"line-height\":\"\"}'  style=\"\">Traductions -interpr\u00e9tariat<\/h3><\/div> <!-- header --><\/div> <!-- aio-icon-box --><\/div> <!-- aio-icon-component -->[\/vc_column_inner][vc_column_inner width=\"1\/2\"]<div class=\"aio-icon-component    style_1\"><div id=\"Info-box-wrap-6823\" class=\"aio-icon-box default-icon\" style=\"\"  ><div class=\"aio-icon-default\"><div class=\"ult-just-icon-wrapper  \"><div class=\"align-icon\" style=\"text-align:center;\">\n<div class=\"aio-icon square \"  style=\"color:#ffffff;background:#333333;font-size:32px;display:inline-block;\">\n\t<i class=\"Defaults-edit pencil-square-o\"><\/i>\n<\/div><\/div><\/div><\/div><div class=\"aio-icon-header\" ><h3 class=\"aio-icon-title ult-responsive\"  data-ultimate-target='#Info-box-wrap-6823 .aio-icon-title'  data-responsive-json-new='{\"font-size\":\"\",\"line-height\":\"\"}'  style=\"\">Secr\u00e9tariat \u00e0 distance<\/h3><\/div> <!-- header --><\/div> <!-- aio-icon-box --><\/div> <!-- aio-icon-component -->[\/vc_column_inner][\/vc_row_inner][vc_row_inner][vc_column_inner width=\"1\/2\"]<div class=\"aio-icon-component    style_1\"><div id=\"Info-box-wrap-9755\" class=\"aio-icon-box default-icon\" style=\"\"  ><div class=\"aio-icon-default\"><div class=\"ult-just-icon-wrapper  \"><div class=\"align-icon\" style=\"text-align:center;\">\n<div class=\"aio-icon square \"  style=\"color:#ffffff;background:#333333;font-size:32px;display:inline-block;\">\n\t<i class=\"Defaults-graduation-cap mortar-board\"><\/i>\n<\/div><\/div><\/div><\/div><div class=\"aio-icon-header\" ><h3 class=\"aio-icon-title ult-responsive\"  data-ultimate-target='#Info-box-wrap-9755 .aio-icon-title'  data-responsive-json-new='{\"font-size\":\"\",\"line-height\":\"\"}'  style=\"\">Soutien Cours de fran\u00e7ais<\/h3><\/div> <!-- header --><\/div> <!-- aio-icon-box --><\/div> <!-- aio-icon-component -->[\/vc_column_inner][vc_column_inner width=\"1\/2\"]<div class=\"aio-icon-component    style_1\"><div id=\"Info-box-wrap-4806\" class=\"aio-icon-box default-icon\" style=\"\"  ><div class=\"aio-icon-default\"><div class=\"ult-just-icon-wrapper  \"><div class=\"align-icon\" style=\"text-align:center;\">\n<div class=\"aio-icon square \"  style=\"color:#ffffff;background:#333333;font-size:32px;display:inline-block;\">\n\t<i class=\"Defaults-group users\"><\/i>\n<\/div><\/div><\/div><\/div><div class=\"aio-icon-header\" ><h3 class=\"aio-icon-title ult-responsive\"  data-ultimate-target='#Info-box-wrap-4806 .aio-icon-title'  data-responsive-json-new='{\"font-size\":\"\",\"line-height\":\"\"}'  style=\"\">Webinaires de soutien \u00e9ducationnel et professionnel<\/h3><\/div> <!-- header --><\/div> <!-- aio-icon-box --><\/div> <!-- aio-icon-component -->[\/vc_column_inner][\/vc_row_inner][\/vc_column][\/vc_row]<\/p>\n<\/div>","protected":false},"excerpt":{"rendered":"<p>[vc_row][vc_column width=\u00a0\u00bb1\/3&Prime;][vc_column_text][\/vc_column_text][\/vc_column][vc_column width=\u00a0\u00bb2\/3&Prime;][vc_empty_space height=\u00a0\u00bb50&Prime;][vc_column_text] e-francais est\u00a0 une nouvelle gamme\u00a0 de services en Fran\u00e7ais et en Grec couvrant tous les besoins\u00a0 dans le domaine linguistique offrant les meilleurs services adapt\u00e9s \u00e0 vos besoins avec la meilleure solution \u00e9conomique ad\u00e9quate [\/vc_column_text][vc_row_inner][vc_column_inner width=\u00a0\u00bb1\/2&Prime;][\/vc_column_inner][vc_column_inner width=\u00a0\u00bb1\/2&Prime;][\/vc_column_inner][\/vc_row_inner][vc_row_inner][vc_column_inner width=\u00a0\u00bb1\/2&Prime;][\/vc_column_inner][vc_column_inner width=\u00a0\u00bb1\/2&Prime;][\/vc_column_inner][\/vc_row_inner][\/vc_column][\/vc_row]<\/p>\n","protected":false},"author":1,"featured_media":0,"parent":0,"menu_order":0,"comment_status":"closed","ping_status":"closed","template":"","meta":{"footnotes":""},"class_list":["post-447","page","type-page","status-publish","hentry"],"_links":{"self":[{"href":"https:\/\/e-francais.gr\/fr\/wp-json\/wp\/v2\/pages\/447","targetHints":{"allow":["GET"]}}],"collection":[{"href":"https:\/\/e-francais.gr\/fr\/wp-json\/wp\/v2\/pages"}],"about":[{"href":"https:\/\/e-francais.gr\/fr\/wp-json\/wp\/v2\/types\/page"}],"author":[{"embeddable":true,"href":"https:\/\/e-francais.gr\/fr\/wp-json\/wp\/v2\/users\/1"}],"replies":[{"embeddable":true,"href":"https:\/\/e-francais.gr\/fr\/wp-json\/wp\/v2\/comments?post=447"}],"version-history":[{"count":3,"href":"https:\/\/e-francais.gr\/fr\/wp-json\/wp\/v2\/pages\/447\/revisions"}],"predecessor-version":[{"id":9581,"href":"https:\/\/e-francais.gr\/fr\/wp-json\/wp\/v2\/pages\/447\/revisions\/9581"}],"wp:attachment":[{"href":"https:\/\/e-francais.gr\/fr\/wp-json\/wp\/v2\/media?parent=447"}],"curies":[{"name":"wp","href":"https:\/\/api.w.org\/{rel}","templated":true}]}}