{"id":454,"date":"2017-11-09T14:27:00","date_gmt":"2017-11-09T11:27:00","guid":{"rendered":"http:\/\/e-francais.gr\/ekpaideftika-seminaria\/"},"modified":"2018-02-07T14:47:01","modified_gmt":"2018-02-07T11:47:01","slug":"ekpaideftika-seminaria","status":"publish","type":"page","link":"https:\/\/e-francais.gr\/fr\/ekpaideftika-seminaria\/","title":{"rendered":"Seminaires Educatifs"},"content":{"rendered":"<div class=\"wpb-content-wrapper\"><p>[vc_row][vc_column width=\"1\/3\"][vc_column_text]<strong><em>La culture et mentalit\u00e9 fran\u00e7aises\u00a0 \u2013 les jours f\u00e9ri\u00e9s fran\u00e7ais et les f\u00eates nationales \u2013 les sp\u00e9cialit\u00e9s fran\u00e7aises culinaires \u00a0\u00a0- les habitudes et les mentalit\u00e9s d\u2019une entreprise fran\u00e7aise \u00a0\u2013 les documents fran\u00e7ais, etc\u2026<\/em><\/strong>[\/vc_column_text][\/vc_column][vc_column width=\"2\/3\"][vc_column_text]<\/p>\n<h3 style=\"text-align: center;\">Nous proposons<\/h3>\n<p>[\/vc_column_text][vc_empty_space height=\"20\"]<div class=\"aio-icon-component    style_1\"><div id=\"Info-box-wrap-7438\" class=\"aio-icon-box default-icon\" style=\"\"  ><div class=\"aio-icon-default\"><div class=\"ult-just-icon-wrapper  \"><div class=\"align-icon\" style=\"text-align:center;\">\n<div class=\"aio-icon none \"  style=\"color:#333;font-size:32px;display:inline-block;\">\n\t<i class=\"Defaults-check\"><\/i>\n<\/div><\/div><\/div><\/div><div class=\"aio-icon-header\" ><h3 class=\"aio-icon-title ult-responsive\"  data-ultimate-target='#Info-box-wrap-7438 .aio-icon-title'  data-responsive-json-new='{\"font-size\":\"\",\"line-height\":\"\"}'  style=\"\">S\u00e9minaires programm\u00e9s et \u00e0 la demande selon vos besoins \u00e0 l\u2019heure \u2013 \u00e0 la semaine ou au mois <\/h3><\/div> <!-- header --><\/div> <!-- aio-icon-box --><\/div> <!-- aio-icon-component -->[\/vc_column][\/vc_row][vc_row][vc_column][vc_column_text]<\/p>\n<h3 style=\"text-align: center;\">Soutien de cours de fran\u00e7ais<\/h3>\n<p>[\/vc_column_text]<div class=\"woocommerce columns-4 \"><ul class=\"products columns-4\">\n<li class=\"product type-product post-1971 status-publish first instock product_cat-soutenez-le-francais has-post-thumbnail virtual purchasable product-type-simple\">\n\t<!-- Prodcut Wrapper --><div class='product-wrapper  in-stock-product  product-four-column'> <div class='product-container'><a href=\"https:\/\/e-francais.gr\/fr\/shop\/canal-m-o-o-c-banque-finance-niveau-a2-b1\/\" class=\"woocommerce-LoopProduct-link woocommerce-loop-product__link\"><!-- Product Thumnail --><div class='product-thumb'><img loading=\"lazy\" decoding=\"async\" width=\"600\" height=\"561\" src=\"https:\/\/e-francais.gr\/wp-content\/uploads\/2017\/11\/trapeza-600x561.jpg\" class=\"attachment-shop_single size-shop_single wp-post-image\" alt=\"\" \/><\/div><!-- Product Thumbnail --><div class='product-title'><h2 class=\"woocommerce-loop-product__title\">CANAL M.O.O.C &#8211; BANQUE\/FINANCE &#8211; NIVEAU A2\/B1<\/h2><\/div><\/a><!-- Product Details --><div class='product-details'>\n\t<span class=\"price\"><span class=\"woocommerce-Price-amount amount\"><bdi><span class=\"woocommerce-Price-currencySymbol\">&euro;<\/span>50.00<\/bdi><\/span><\/span>\n<a href=\"?add-to-cart=1971\" aria-describedby=\"woocommerce_loop_add_to_cart_link_describedby_1971\" data-quantity=\"1\" class=\"dt-sc-button button product_type_simple add_to_cart_button ajax_add_to_cart\" data-product_id=\"1971\" data-product_sku=\"\" aria-label=\"Ajouter au panier\u00a0: &ldquo;CANAL M.O.O.C - BANQUE\/FINANCE - NIVEAU A2\/B1&rdquo;\" rel=\"nofollow\" data-success_message=\"\u00ab\u00a0CANAL M.O.O.C - BANQUE\/FINANCE - NIVEAU A2\/B1\u00a0\u00bb a \u00e9t\u00e9 ajout\u00e9 \u00e0 votre panier\">Ajouter au panier<\/a>\t<span id=\"woocommerce_loop_add_to_cart_link_describedby_1971\" class=\"dt-sc-button screen-reader-text\">\n\t\t\t<\/span>\n<\/div><!-- Product Details --><div class=\"product-details-hover\"><h3><a href='https:\/\/e-francais.gr\/fr\/shop\/canal-m-o-o-c-banque-finance-niveau-a2-b1\/'>CANAL M.O.O.C - BANQUE\/FINANCE - NIVEAU A2\/B1<\/a><\/h3>\n\t<span class=\"price\"><span class=\"woocommerce-Price-amount amount\"><bdi><span class=\"woocommerce-Price-currencySymbol\">&euro;<\/span>50.00<\/bdi><\/span><\/span>\n<a href=\"?add-to-cart=1971\" aria-describedby=\"woocommerce_loop_add_to_cart_link_describedby_1971\" data-quantity=\"1\" class=\"dt-sc-button button product_type_simple add_to_cart_button ajax_add_to_cart\" data-product_id=\"1971\" data-product_sku=\"\" aria-label=\"Ajouter au panier\u00a0: &ldquo;CANAL M.O.O.C - BANQUE\/FINANCE - NIVEAU A2\/B1&rdquo;\" rel=\"nofollow\" data-success_message=\"\u00ab\u00a0CANAL M.O.O.C - BANQUE\/FINANCE - NIVEAU A2\/B1\u00a0\u00bb a \u00e9t\u00e9 ajout\u00e9 \u00e0 votre panier\">Ajouter au panier<\/a>\t<span id=\"woocommerce_loop_add_to_cart_link_describedby_1971\" class=\"dt-sc-button screen-reader-text\">\n\t\t\t<\/span>\n<\/div><!-- Product Details Hover --><\/div> <\/div> <!-- Product Wrapper End--><\/li>\n<li class=\"product type-product post-2259 status-publish instock product_cat-soutenez-le-francais has-post-thumbnail virtual purchasable product-type-simple\">\n\t<!-- Prodcut Wrapper --><div class='product-wrapper  in-stock-product  product-four-column'> <div class='product-container'><a href=\"https:\/\/e-francais.gr\/fr\/shop\/lorigine-des-prenoms-francais\/\" class=\"woocommerce-LoopProduct-link woocommerce-loop-product__link\"><!-- Product Thumnail --><div class='product-thumb'><img loading=\"lazy\" decoding=\"async\" width=\"600\" height=\"554\" src=\"https:\/\/e-francais.gr\/wp-content\/uploads\/2019\/04\/prenoms-francais-600x554.jpg\" class=\"attachment-shop_single size-shop_single wp-post-image\" alt=\"\" \/><\/div><!-- Product Thumbnail --><div class='product-title'><h2 class=\"woocommerce-loop-product__title\">L&rsquo;ORIGINE DES PRENOMS FRANCAIS<\/h2><\/div><\/a><!-- Product Details --><div class='product-details'>\n\t<span class=\"price\"><span class=\"woocommerce-Price-amount amount\"><bdi><span class=\"woocommerce-Price-currencySymbol\">&euro;<\/span>80.00<\/bdi><\/span><\/span>\n<a href=\"?add-to-cart=2259\" aria-describedby=\"woocommerce_loop_add_to_cart_link_describedby_2259\" data-quantity=\"1\" class=\"dt-sc-button button product_type_simple add_to_cart_button ajax_add_to_cart\" data-product_id=\"2259\" data-product_sku=\"\" aria-label=\"Ajouter au panier\u00a0: &ldquo;L&#039;ORIGINE DES PRENOMS FRANCAIS&rdquo;\" rel=\"nofollow\" data-success_message=\"\u00ab\u00a0L&#039;ORIGINE DES PRENOMS FRANCAIS\u00a0\u00bb a \u00e9t\u00e9 ajout\u00e9 \u00e0 votre panier\">Ajouter au panier<\/a>\t<span id=\"woocommerce_loop_add_to_cart_link_describedby_2259\" class=\"dt-sc-button screen-reader-text\">\n\t\t\t<\/span>\n<\/div><!-- Product Details --><div class=\"product-details-hover\"><h3><a href='https:\/\/e-francais.gr\/fr\/shop\/lorigine-des-prenoms-francais\/'>L'ORIGINE DES PRENOMS FRANCAIS<\/a><\/h3>\n\t<span class=\"price\"><span class=\"woocommerce-Price-amount amount\"><bdi><span class=\"woocommerce-Price-currencySymbol\">&euro;<\/span>80.00<\/bdi><\/span><\/span>\n<a href=\"?add-to-cart=2259\" aria-describedby=\"woocommerce_loop_add_to_cart_link_describedby_2259\" data-quantity=\"1\" class=\"dt-sc-button button product_type_simple add_to_cart_button ajax_add_to_cart\" data-product_id=\"2259\" data-product_sku=\"\" aria-label=\"Ajouter au panier\u00a0: &ldquo;L&#039;ORIGINE DES PRENOMS FRANCAIS&rdquo;\" rel=\"nofollow\" data-success_message=\"\u00ab\u00a0L&#039;ORIGINE DES PRENOMS FRANCAIS\u00a0\u00bb a \u00e9t\u00e9 ajout\u00e9 \u00e0 votre panier\">Ajouter au panier<\/a>\t<span id=\"woocommerce_loop_add_to_cart_link_describedby_2259\" class=\"dt-sc-button screen-reader-text\">\n\t\t\t<\/span>\n<\/div><!-- Product Details Hover --><\/div> <\/div> <!-- Product Wrapper End--><\/li>\n<li class=\"product type-product post-2327 status-publish instock product_cat-soutenez-le-francais has-post-thumbnail virtual purchasable product-type-simple\">\n\t<!-- Prodcut Wrapper --><div class='product-wrapper  in-stock-product  product-four-column'> <div class='product-container'><a href=\"https:\/\/e-francais.gr\/fr\/shop\/les-expressions-idiomatiques-francaises\/\" class=\"woocommerce-LoopProduct-link woocommerce-loop-product__link\"><!-- Product Thumnail --><div class='product-thumb'><img loading=\"lazy\" decoding=\"async\" width=\"467\" height=\"281\" src=\"https:\/\/e-francais.gr\/wp-content\/uploads\/2019\/06\/images-idiomatiques.jpg\" class=\"attachment-shop_single size-shop_single wp-post-image\" alt=\"\" srcset=\"https:\/\/e-francais.gr\/wp-content\/uploads\/2019\/06\/images-idiomatiques.jpg 467w, https:\/\/e-francais.gr\/wp-content\/uploads\/2019\/06\/images-idiomatiques-300x181.jpg 300w\" sizes=\"auto, (max-width: 467px) 100vw, 467px\" \/><\/div><!-- Product Thumbnail --><div class='product-title'><h2 class=\"woocommerce-loop-product__title\">LES EXPRESSIONS IDIOMATIQUES FRANCAISES<\/h2><\/div><\/a><!-- Product Details --><div class='product-details'>\n\t<span class=\"price\"><span class=\"woocommerce-Price-amount amount\"><bdi><span class=\"woocommerce-Price-currencySymbol\">&euro;<\/span>20.00<\/bdi><\/span><\/span>\n<a href=\"?add-to-cart=2327\" aria-describedby=\"woocommerce_loop_add_to_cart_link_describedby_2327\" data-quantity=\"1\" class=\"dt-sc-button button product_type_simple add_to_cart_button ajax_add_to_cart\" data-product_id=\"2327\" data-product_sku=\"\" aria-label=\"Ajouter au panier\u00a0: &ldquo;LES EXPRESSIONS IDIOMATIQUES FRANCAISES&rdquo;\" rel=\"nofollow\" data-success_message=\"\u00ab\u00a0LES EXPRESSIONS IDIOMATIQUES FRANCAISES\u00a0\u00bb a \u00e9t\u00e9 ajout\u00e9 \u00e0 votre panier\">Ajouter au panier<\/a>\t<span id=\"woocommerce_loop_add_to_cart_link_describedby_2327\" class=\"dt-sc-button screen-reader-text\">\n\t\t\t<\/span>\n<\/div><!-- Product Details --><div class=\"product-details-hover\"><h3><a href='https:\/\/e-francais.gr\/fr\/shop\/les-expressions-idiomatiques-francaises\/'>LES EXPRESSIONS IDIOMATIQUES FRANCAISES<\/a><\/h3>\n\t<span class=\"price\"><span class=\"woocommerce-Price-amount amount\"><bdi><span class=\"woocommerce-Price-currencySymbol\">&euro;<\/span>20.00<\/bdi><\/span><\/span>\n<a href=\"?add-to-cart=2327\" aria-describedby=\"woocommerce_loop_add_to_cart_link_describedby_2327\" data-quantity=\"1\" class=\"dt-sc-button button product_type_simple add_to_cart_button ajax_add_to_cart\" data-product_id=\"2327\" data-product_sku=\"\" aria-label=\"Ajouter au panier\u00a0: &ldquo;LES EXPRESSIONS IDIOMATIQUES FRANCAISES&rdquo;\" rel=\"nofollow\" data-success_message=\"\u00ab\u00a0LES EXPRESSIONS IDIOMATIQUES FRANCAISES\u00a0\u00bb a \u00e9t\u00e9 ajout\u00e9 \u00e0 votre panier\">Ajouter au panier<\/a>\t<span id=\"woocommerce_loop_add_to_cart_link_describedby_2327\" class=\"dt-sc-button screen-reader-text\">\n\t\t\t<\/span>\n<\/div><!-- Product Details Hover --><\/div> <\/div> <!-- Product Wrapper End--><\/li>\n<\/ul>\n<\/div>[\/vc_column][\/vc_row][vc_row][vc_column][vc_empty_space][vc_separator][vc_empty_space][\/vc_column][\/vc_row][vc_row][vc_column][vc_column_text]<\/p>\n<h3 style=\"text-align: center;\">\u00a0Les plats fran\u00e7ais et leur histoire<\/h3>\n<p>[\/vc_column_text]<div class=\"woocommerce columns-4 \"><ul class=\"products columns-4\">\n<li class=\"product type-product post-949 status-publish first instock product_cat-ta-gallika-fagita-kai-i-istoria-tous-fr has-post-thumbnail virtual purchasable product-type-simple\">\n\t<!-- Prodcut Wrapper --><div class='product-wrapper  in-stock-product  product-four-column'> <div class='product-container'><a href=\"https:\/\/e-francais.gr\/fr\/shop\/lhistoire-des-gateaux-francais-et-de-leur-origine\/\" class=\"woocommerce-LoopProduct-link woocommerce-loop-product__link\"><!-- Product Thumnail --><div class='product-thumb'><img loading=\"lazy\" decoding=\"async\" width=\"305\" height=\"305\" src=\"https:\/\/e-francais.gr\/wp-content\/uploads\/2018\/02\/GATEAUX-FRANCAIS.jpg\" class=\"attachment-shop_single size-shop_single wp-post-image\" alt=\"\" srcset=\"https:\/\/e-francais.gr\/wp-content\/uploads\/2018\/02\/GATEAUX-FRANCAIS.jpg 305w, https:\/\/e-francais.gr\/wp-content\/uploads\/2018\/02\/GATEAUX-FRANCAIS-300x300.jpg 300w, https:\/\/e-francais.gr\/wp-content\/uploads\/2018\/02\/GATEAUX-FRANCAIS-100x100.jpg 100w, https:\/\/e-francais.gr\/wp-content\/uploads\/2018\/02\/GATEAUX-FRANCAIS-150x150.jpg 150w, https:\/\/e-francais.gr\/wp-content\/uploads\/2018\/02\/GATEAUX-FRANCAIS-180x180.jpg 180w\" sizes=\"auto, (max-width: 305px) 100vw, 305px\" \/><\/div><!-- Product Thumbnail --><div class='product-title'><h2 class=\"woocommerce-loop-product__title\">L&rsquo;HISTOIRE DES GATEAUX FRANCAIS<\/h2><\/div><\/a><!-- Product Details --><div class='product-details'>\n\t<span class=\"price\"><span class=\"woocommerce-Price-amount amount\"><bdi><span class=\"woocommerce-Price-currencySymbol\">&euro;<\/span>50.00<\/bdi><\/span><\/span>\n<a href=\"?add-to-cart=949\" aria-describedby=\"woocommerce_loop_add_to_cart_link_describedby_949\" data-quantity=\"1\" class=\"dt-sc-button button product_type_simple add_to_cart_button ajax_add_to_cart\" data-product_id=\"949\" data-product_sku=\"\" aria-label=\"Ajouter au panier\u00a0: &ldquo;L&#039;HISTOIRE DES GATEAUX FRANCAIS&rdquo;\" rel=\"nofollow\" data-success_message=\"\u00ab\u00a0L&#039;HISTOIRE DES GATEAUX FRANCAIS\u00a0\u00bb a \u00e9t\u00e9 ajout\u00e9 \u00e0 votre panier\">Ajouter au panier<\/a>\t<span id=\"woocommerce_loop_add_to_cart_link_describedby_949\" class=\"dt-sc-button screen-reader-text\">\n\t\t\t<\/span>\n<\/div><!-- Product Details --><div class=\"product-details-hover\"><h3><a href='https:\/\/e-francais.gr\/fr\/shop\/lhistoire-des-gateaux-francais-et-de-leur-origine\/'>L'HISTOIRE DES GATEAUX FRANCAIS<\/a><\/h3>\n\t<span class=\"price\"><span class=\"woocommerce-Price-amount amount\"><bdi><span class=\"woocommerce-Price-currencySymbol\">&euro;<\/span>50.00<\/bdi><\/span><\/span>\n<a href=\"?add-to-cart=949\" aria-describedby=\"woocommerce_loop_add_to_cart_link_describedby_949\" data-quantity=\"1\" class=\"dt-sc-button button product_type_simple add_to_cart_button ajax_add_to_cart\" data-product_id=\"949\" data-product_sku=\"\" aria-label=\"Ajouter au panier\u00a0: &ldquo;L&#039;HISTOIRE DES GATEAUX FRANCAIS&rdquo;\" rel=\"nofollow\" data-success_message=\"\u00ab\u00a0L&#039;HISTOIRE DES GATEAUX FRANCAIS\u00a0\u00bb a \u00e9t\u00e9 ajout\u00e9 \u00e0 votre panier\">Ajouter au panier<\/a>\t<span id=\"woocommerce_loop_add_to_cart_link_describedby_949\" class=\"dt-sc-button screen-reader-text\">\n\t\t\t<\/span>\n<\/div><!-- Product Details Hover --><\/div> <\/div> <!-- Product Wrapper End--><\/li>\n<li class=\"product type-product post-678 status-publish instock product_cat-ta-gallika-fagita-kai-i-istoria-tous-fr has-post-thumbnail shipping-taxable purchasable product-type-simple\">\n\t<!-- Prodcut Wrapper --><div class='product-wrapper  in-stock-product  product-four-column'> <div class='product-container'><a href=\"https:\/\/e-francais.gr\/fr\/shop\/%ce%b7-%ce%ba%ce%ac%ce%b8%ce%b5-%cf%83%cf%80%ce%b5%cf%83%ce%b9%ce%b1%ce%bb%ce%b9%cf%84%ce%ad-%ce%ba%ce%b1%ce%b9-%cf%80%ce%bf%cf%85-%ce%b2%cf%81%ce%af%cf%83%ce%ba%ce%b5%cf%84%ce%b1%ce%b9-%cf%83%cf%84\/\" class=\"woocommerce-LoopProduct-link woocommerce-loop-product__link\"><!-- Product Thumnail --><div class='product-thumb'><img loading=\"lazy\" decoding=\"async\" width=\"600\" height=\"600\" src=\"https:\/\/e-francais.gr\/wp-content\/uploads\/2017\/11\/spesialite.jpg\" class=\"attachment-shop_single size-shop_single wp-post-image\" alt=\"\" srcset=\"https:\/\/e-francais.gr\/wp-content\/uploads\/2017\/11\/spesialite.jpg 600w, https:\/\/e-francais.gr\/wp-content\/uploads\/2017\/11\/spesialite-300x300.jpg 300w, https:\/\/e-francais.gr\/wp-content\/uploads\/2017\/11\/spesialite-100x100.jpg 100w, https:\/\/e-francais.gr\/wp-content\/uploads\/2017\/11\/spesialite-150x150.jpg 150w, https:\/\/e-francais.gr\/wp-content\/uploads\/2017\/11\/spesialite-180x180.jpg 180w\" sizes=\"auto, (max-width: 600px) 100vw, 600px\" \/><\/div><!-- Product Thumbnail --><div class='product-title'><h2 class=\"woocommerce-loop-product__title\">La carte de France<\/h2><\/div><\/a><!-- Product Details --><div class='product-details'>\n\t<span class=\"price\"><span class=\"woocommerce-Price-amount amount\"><bdi><span class=\"woocommerce-Price-currencySymbol\">&euro;<\/span>25.00<\/bdi><\/span><\/span>\n<a href=\"?add-to-cart=678\" aria-describedby=\"woocommerce_loop_add_to_cart_link_describedby_678\" data-quantity=\"1\" class=\"dt-sc-button button product_type_simple add_to_cart_button ajax_add_to_cart\" data-product_id=\"678\" data-product_sku=\"\" aria-label=\"Ajouter au panier\u00a0: &ldquo;La carte de France&rdquo;\" rel=\"nofollow\" data-success_message=\"\u00ab\u00a0La carte de France\u00a0\u00bb a \u00e9t\u00e9 ajout\u00e9 \u00e0 votre panier\">Ajouter au panier<\/a>\t<span id=\"woocommerce_loop_add_to_cart_link_describedby_678\" class=\"dt-sc-button screen-reader-text\">\n\t\t\t<\/span>\n<\/div><!-- Product Details --><div class=\"product-details-hover\"><h3><a href='https:\/\/e-francais.gr\/fr\/shop\/%ce%b7-%ce%ba%ce%ac%ce%b8%ce%b5-%cf%83%cf%80%ce%b5%cf%83%ce%b9%ce%b1%ce%bb%ce%b9%cf%84%ce%ad-%ce%ba%ce%b1%ce%b9-%cf%80%ce%bf%cf%85-%ce%b2%cf%81%ce%af%cf%83%ce%ba%ce%b5%cf%84%ce%b1%ce%b9-%cf%83%cf%84\/'>La carte de France<\/a><\/h3>\n\t<span class=\"price\"><span class=\"woocommerce-Price-amount amount\"><bdi><span class=\"woocommerce-Price-currencySymbol\">&euro;<\/span>25.00<\/bdi><\/span><\/span>\n<a href=\"?add-to-cart=678\" aria-describedby=\"woocommerce_loop_add_to_cart_link_describedby_678\" data-quantity=\"1\" class=\"dt-sc-button button product_type_simple add_to_cart_button ajax_add_to_cart\" data-product_id=\"678\" data-product_sku=\"\" aria-label=\"Ajouter au panier\u00a0: &ldquo;La carte de France&rdquo;\" rel=\"nofollow\" data-success_message=\"\u00ab\u00a0La carte de France\u00a0\u00bb a \u00e9t\u00e9 ajout\u00e9 \u00e0 votre panier\">Ajouter au panier<\/a>\t<span id=\"woocommerce_loop_add_to_cart_link_describedby_678\" class=\"dt-sc-button screen-reader-text\">\n\t\t\t<\/span>\n<\/div><!-- Product Details Hover --><\/div> <\/div> <!-- Product Wrapper End--><\/li>\n<li class=\"product type-product post-1528 status-publish instock product_cat-ta-gallika-fagita-kai-i-istoria-tous-fr has-post-thumbnail virtual purchasable product-type-simple\">\n\t<!-- Prodcut Wrapper --><div class='product-wrapper  in-stock-product  product-four-column'> <div class='product-container'><a href=\"https:\/\/e-francais.gr\/fr\/shop\/les-herbes-et-aromatiques-de-cuisine\/\" class=\"woocommerce-LoopProduct-link woocommerce-loop-product__link\"><!-- Product Thumnail --><div class='product-thumb'><img loading=\"lazy\" decoding=\"async\" width=\"400\" height=\"300\" src=\"https:\/\/e-francais.gr\/wp-content\/uploads\/2018\/07\/517-les-plantes-aromatiques1.gif\" class=\"attachment-shop_single size-shop_single wp-post-image\" alt=\"\" \/><\/div><!-- Product Thumbnail --><div class='product-title'><h2 class=\"woocommerce-loop-product__title\">LES HERBES ET AROMATIQUES DE CUISINE<\/h2><\/div><\/a><!-- Product Details --><div class='product-details'>\n\t<span class=\"price\"><span class=\"woocommerce-Price-amount amount\"><bdi><span class=\"woocommerce-Price-currencySymbol\">&euro;<\/span>60.00<\/bdi><\/span><\/span>\n<a href=\"?add-to-cart=1528\" aria-describedby=\"woocommerce_loop_add_to_cart_link_describedby_1528\" data-quantity=\"1\" class=\"dt-sc-button button product_type_simple add_to_cart_button ajax_add_to_cart\" data-product_id=\"1528\" data-product_sku=\"\" aria-label=\"Ajouter au panier\u00a0: &ldquo;LES HERBES ET AROMATIQUES DE CUISINE&rdquo;\" rel=\"nofollow\" data-success_message=\"\u00ab\u00a0LES HERBES ET AROMATIQUES DE CUISINE\u00a0\u00bb a \u00e9t\u00e9 ajout\u00e9 \u00e0 votre panier\">Ajouter au panier<\/a>\t<span id=\"woocommerce_loop_add_to_cart_link_describedby_1528\" class=\"dt-sc-button screen-reader-text\">\n\t\t\t<\/span>\n<\/div><!-- Product Details --><div class=\"product-details-hover\"><h3><a href='https:\/\/e-francais.gr\/fr\/shop\/les-herbes-et-aromatiques-de-cuisine\/'>LES HERBES ET AROMATIQUES DE CUISINE<\/a><\/h3>\n\t<span class=\"price\"><span class=\"woocommerce-Price-amount amount\"><bdi><span class=\"woocommerce-Price-currencySymbol\">&euro;<\/span>60.00<\/bdi><\/span><\/span>\n<a href=\"?add-to-cart=1528\" aria-describedby=\"woocommerce_loop_add_to_cart_link_describedby_1528\" data-quantity=\"1\" class=\"dt-sc-button button product_type_simple add_to_cart_button ajax_add_to_cart\" data-product_id=\"1528\" data-product_sku=\"\" aria-label=\"Ajouter au panier\u00a0: &ldquo;LES HERBES ET AROMATIQUES DE CUISINE&rdquo;\" rel=\"nofollow\" data-success_message=\"\u00ab\u00a0LES HERBES ET AROMATIQUES DE CUISINE\u00a0\u00bb a \u00e9t\u00e9 ajout\u00e9 \u00e0 votre panier\">Ajouter au panier<\/a>\t<span id=\"woocommerce_loop_add_to_cart_link_describedby_1528\" class=\"dt-sc-button screen-reader-text\">\n\t\t\t<\/span>\n<\/div><!-- Product Details Hover --><\/div> <\/div> <!-- Product Wrapper End--><\/li>\n<\/ul>\n<\/div>[\/vc_column][\/vc_row]<\/p>\n<\/div>","protected":false},"excerpt":{"rendered":"<p>[vc_row][vc_column width=\u00a0\u00bb1\/3&Prime;][vc_column_text]La culture et mentalit\u00e9 fran\u00e7aises\u00a0 \u2013 les jours f\u00e9ri\u00e9s fran\u00e7ais et les f\u00eates nationales \u2013 les sp\u00e9cialit\u00e9s fran\u00e7aises culinaires \u00a0\u00a0&#8211; les habitudes et les mentalit\u00e9s d\u2019une entreprise fran\u00e7aise \u00a0\u2013 les documents fran\u00e7ais, etc\u2026[\/vc_column_text][\/vc_column][vc_column width=\u00a0\u00bb2\/3&Prime;][vc_column_text] Nous proposons [\/vc_column_text][vc_empty_space height=\u00a0\u00bb20&Prime;][\/vc_column][\/vc_row][vc_row][vc_column][vc_column_text] Soutien de cours de fran\u00e7ais [\/vc_column_text][\/vc_column][\/vc_row][vc_row][vc_column][vc_empty_space][vc_separator][vc_empty_space][\/vc_column][\/vc_row][vc_row][vc_column][vc_column_text] \u00a0Les plats fran\u00e7ais et leur histoire [\/vc_column_text][\/vc_column][\/vc_row]<\/p>\n","protected":false},"author":1,"featured_media":0,"parent":0,"menu_order":0,"comment_status":"closed","ping_status":"closed","template":"","meta":{"footnotes":""},"class_list":["post-454","page","type-page","status-publish","hentry"],"_links":{"self":[{"href":"https:\/\/e-francais.gr\/fr\/wp-json\/wp\/v2\/pages\/454","targetHints":{"allow":["GET"]}}],"collection":[{"href":"https:\/\/e-francais.gr\/fr\/wp-json\/wp\/v2\/pages"}],"about":[{"href":"https:\/\/e-francais.gr\/fr\/wp-json\/wp\/v2\/types\/page"}],"author":[{"embeddable":true,"href":"https:\/\/e-francais.gr\/fr\/wp-json\/wp\/v2\/users\/1"}],"replies":[{"embeddable":true,"href":"https:\/\/e-francais.gr\/fr\/wp-json\/wp\/v2\/comments?post=454"}],"version-history":[{"count":5,"href":"https:\/\/e-francais.gr\/fr\/wp-json\/wp\/v2\/pages\/454\/revisions"}],"predecessor-version":[{"id":778,"href":"https:\/\/e-francais.gr\/fr\/wp-json\/wp\/v2\/pages\/454\/revisions\/778"}],"wp:attachment":[{"href":"https:\/\/e-francais.gr\/fr\/wp-json\/wp\/v2\/media?parent=454"}],"curies":[{"name":"wp","href":"https:\/\/api.w.org\/{rel}","templated":true}]}}