{"id":457,"date":"2017-10-12T13:43:32","date_gmt":"2017-10-12T10:43:32","guid":{"rendered":"http:\/\/e-francais.gr\/grammateiaki-ypostiriksi\/"},"modified":"2018-02-07T14:34:47","modified_gmt":"2018-02-07T11:34:47","slug":"grammateiaki-ypostiriksi","status":"publish","type":"page","link":"https:\/\/e-francais.gr\/fr\/grammateiaki-ypostiriksi\/","title":{"rendered":"Secr\u00e9tariat \u00e0 distance"},"content":{"rendered":"<div class=\"wpb-content-wrapper\"><p>[vc_row][vc_column width=\"1\/3\"][vc_column_text]<\/p>\n<blockquote>\n<p style=\"text-align: center;\"><strong><em>Vous n\u2019avez pas le temps de chercher et de trouver une\u00a0 secr\u00e9taire bilingue,<\/em><\/strong><\/p>\n<p style=\"text-align: center;\"><strong><em>Le co\u00fbt d\u2019un emploi permanent vous p\u00e8se \u00e9conomiquement ?<\/em><\/strong><\/p>\n<p>&nbsp;<\/p><\/blockquote>\n<p>[\/vc_column_text][vc_message icon_fontawesome=\"fa fa-thumbs-o-up\"]<\/p>\n<p style=\"text-align: center;\"><b>OFFRES SPECIALES<\/b><\/p>\n<p style=\"text-align: center;\"><strong><em>Secr\u00e9tariat \u00e0 distance\u00a0 \u00ab20 heures par mois\u00a0\u00bb<\/em><\/strong><\/p>\n<p>[\/vc_message][\/vc_column][vc_column width=\"2\/3\"][vc_column_text]<\/p>\n<h3 style=\"text-align: center;\">Nous vous proposons:<\/h3>\n<p>[\/vc_column_text][vc_empty_space height=\"20\"][vc_row_inner][vc_column_inner width=\"1\/2\"]<div class=\"aio-icon-component    style_1\"><div id=\"Info-box-wrap-9754\" class=\"aio-icon-box default-icon\" style=\"\"  ><div class=\"aio-icon-default\"><div class=\"ult-just-icon-wrapper  \"><div class=\"align-icon\" style=\"text-align:center;\">\n<div class=\"aio-icon none \"  style=\"color:#333;font-size:32px;display:inline-block;\">\n\t<i class=\"Defaults-check\"><\/i>\n<\/div><\/div><\/div><\/div><div class=\"aio-icon-header\" ><h3 class=\"aio-icon-title ult-responsive\"  data-ultimate-target='#Info-box-wrap-9754 .aio-icon-title'  data-responsive-json-new='{\"font-size\":\"\",\"line-height\":\"\"}'  style=\"\">Prise en charge contacts t\u00e9l\u00e9phoniques<\/h3><\/div> <!-- header --><\/div> <!-- aio-icon-box --><\/div> <!-- aio-icon-component -->[\/vc_column_inner][vc_column_inner width=\"1\/2\"]<div class=\"aio-icon-component    style_1\"><div id=\"Info-box-wrap-2014\" class=\"aio-icon-box default-icon\" style=\"\"  ><div class=\"aio-icon-default\"><div class=\"ult-just-icon-wrapper  \"><div class=\"align-icon\" style=\"text-align:center;\">\n<div class=\"aio-icon none \"  style=\"color:#333;font-size:32px;display:inline-block;\">\n\t<i class=\"Defaults-check\"><\/i>\n<\/div><\/div><\/div><\/div><div class=\"aio-icon-header\" ><h3 class=\"aio-icon-title ult-responsive\"  data-ultimate-target='#Info-box-wrap-2014 .aio-icon-title'  data-responsive-json-new='{\"font-size\":\"\",\"line-height\":\"\"}'  style=\"\">R\u00e9ception et envoi SMS-FAX<\/h3><\/div> <!-- header --><\/div> <!-- aio-icon-box --><\/div> <!-- aio-icon-component -->[\/vc_column_inner][\/vc_row_inner][vc_row_inner][vc_column_inner width=\"1\/2\"]<div class=\"aio-icon-component    style_1\"><div id=\"Info-box-wrap-4905\" class=\"aio-icon-box default-icon\" style=\"\"  ><div class=\"aio-icon-default\"><div class=\"ult-just-icon-wrapper  \"><div class=\"align-icon\" style=\"text-align:center;\">\n<div class=\"aio-icon none \"  style=\"color:#333;font-size:32px;display:inline-block;\">\n\t<i class=\"Defaults-check\"><\/i>\n<\/div><\/div><\/div><\/div><div class=\"aio-icon-header\" ><h3 class=\"aio-icon-title ult-responsive\"  data-ultimate-target='#Info-box-wrap-4905 .aio-icon-title'  data-responsive-json-new='{\"font-size\":\"\",\"line-height\":\"\"}'  style=\"\">Traductions et dactylographies <\/h3><\/div> <!-- header --><\/div> <!-- aio-icon-box --><\/div> <!-- aio-icon-component -->[\/vc_column_inner][vc_column_inner width=\"1\/2\"]<div class=\"aio-icon-component    style_1\"><div id=\"Info-box-wrap-6975\" class=\"aio-icon-box default-icon\" style=\"\"  ><div class=\"aio-icon-default\"><div class=\"ult-just-icon-wrapper  \"><div class=\"align-icon\" style=\"text-align:center;\">\n<div class=\"aio-icon none \"  style=\"color:#333;font-size:32px;display:inline-block;\">\n\t<i class=\"Defaults-check\"><\/i>\n<\/div><\/div><\/div><\/div><div class=\"aio-icon-header\" ><h3 class=\"aio-icon-title ult-responsive\"  data-ultimate-target='#Info-box-wrap-6975 .aio-icon-title'  data-responsive-json-new='{\"font-size\":\"\",\"line-height\":\"\"}'  style=\"\">Prise en charge du courrier simple et \u00e9lectronique<\/h3><\/div> <!-- header --><\/div> <!-- aio-icon-box --><\/div> <!-- aio-icon-component -->[\/vc_column_inner][\/vc_row_inner][vc_row_inner][vc_column_inner width=\"1\/2\"]<div class=\"aio-icon-component    style_1\"><div id=\"Info-box-wrap-5233\" class=\"aio-icon-box default-icon\" style=\"\"  ><div class=\"aio-icon-default\"><div class=\"ult-just-icon-wrapper  \"><div class=\"align-icon\" style=\"text-align:center;\">\n<div class=\"aio-icon none \"  style=\"color:#333;font-size:32px;display:inline-block;\">\n\t<i class=\"Defaults-check\"><\/i>\n<\/div><\/div><\/div><\/div><div class=\"aio-icon-header\" ><h3 class=\"aio-icon-title ult-responsive\"  data-ultimate-target='#Info-box-wrap-5233 .aio-icon-title'  data-responsive-json-new='{\"font-size\":\"\",\"line-height\":\"\"}'  style=\"\">Cr\u00e9ation de documents d\u2019entreprises<\/h3><\/div> <!-- header --><\/div> <!-- aio-icon-box --><\/div> <!-- aio-icon-component -->[\/vc_column_inner][vc_column_inner width=\"1\/2\"]<div class=\"aio-icon-component    style_1\"><div id=\"Info-box-wrap-8095\" class=\"aio-icon-box default-icon\" style=\"\"  ><div class=\"aio-icon-default\"><div class=\"ult-just-icon-wrapper  \"><div class=\"align-icon\" style=\"text-align:center;\">\n<div class=\"aio-icon none \"  style=\"color:#333;font-size:32px;display:inline-block;\">\n\t<i class=\"Defaults-check\"><\/i>\n<\/div><\/div><\/div><\/div><div class=\"aio-icon-header\" ><h3 class=\"aio-icon-title ult-responsive\"  data-ultimate-target='#Info-box-wrap-8095 .aio-icon-title'  data-responsive-json-new='{\"font-size\":\"\",\"line-height\":\"\"}'  style=\"\">Postage de courriers <\/h3><\/div> <!-- header --><\/div> <!-- aio-icon-box --><\/div> <!-- aio-icon-component -->[\/vc_column_inner][\/vc_row_inner][\/vc_column][\/vc_row][vc_row][vc_column][vc_column_text]<\/p>\n<h3><strong><em><u>PACKAGE\u00a0 \u00ab\u00a0 20 HEURES\/MOIS \u00a0\u00bb<\/u><\/em><\/strong><\/h3>\n<p><strong>Cotation selon la taille de l\u2019entreprise et de ses besoins <\/strong>[\/vc_column_text][\/vc_column][\/vc_row][vc_row][vc_column width=\"1\/2\"]<div class=\"smile_icon_list_wrap ult_info_list_container ult-adjust-bottom-margin  \"><ul class=\"smile_icon_list left square with_bg\"><li class=\"icon_list_item\" style=\" font-size:72px;\"><div class=\"icon_list_icon\" data-animation=\"\" data-animation-delay=\"03\" style=\"font-size:24px;border-width:1px;border-style:none;background:#000000;color:#ffffff;border-color:#333333;\"><i class=\"Defaults-thumbs-up\" ><\/i><\/div><div class=\"icon_description\" id=\"Info-list-wrap-5803\" style=\"font-size:24px;\"><div class=\"icon_description_text ult-responsive\"  data-ultimate-target='#Info-list-wrap-5803 .icon_description_text'  data-responsive-json-new='{\"font-size\":\"desktop:13px;\",\"line-height\":\"desktop:18px;\"}'  style=\"\"><p>Appels t\u00e9l\u00e9phoniques<\/p>\n<\/div><\/div><div class=\"icon_list_connector\"  style=\"border-right-width: 1px;border-right-style: dashed;border-color: #333333;\"><\/div><\/li><li class=\"icon_list_item\" style=\" font-size:72px;\"><div class=\"icon_list_icon\" data-animation=\"\" data-animation-delay=\"03\" style=\"font-size:24px;border-width:1px;border-style:none;background:#000000;color:#ffffff;border-color:#333333;\"><i class=\"Defaults-thumbs-up\" ><\/i><\/div><div class=\"icon_description\" id=\"Info-list-wrap-7402\" style=\"font-size:24px;\"><div class=\"icon_description_text ult-responsive\"  data-ultimate-target='#Info-list-wrap-7402 .icon_description_text'  data-responsive-json-new='{\"font-size\":\"desktop:13px;\",\"line-height\":\"desktop:18px;\"}'  style=\"\"><p>Envoi et r\u00e9ception SMS et t\u00e9l\u00e9copie<\/p>\n<\/div><\/div><div class=\"icon_list_connector\"  style=\"border-right-width: 1px;border-right-style: dashed;border-color: #333333;\"><\/div><\/li><li class=\"icon_list_item\" style=\" font-size:72px;\"><div class=\"icon_list_icon\" data-animation=\"\" data-animation-delay=\"03\" style=\"font-size:24px;border-width:1px;border-style:none;background:#000000;color:#ffffff;border-color:#333333;\"><i class=\"Defaults-thumbs-up\" ><\/i><\/div><div class=\"icon_description\" id=\"Info-list-wrap-8566\" style=\"font-size:24px;\"><div class=\"icon_description_text ult-responsive\"  data-ultimate-target='#Info-list-wrap-8566 .icon_description_text'  data-responsive-json-new='{\"font-size\":\"desktop:13px;\",\"line-height\":\"desktop:18px;\"}'  style=\"\"><p>Traductions et dactylographies<\/p>\n<\/div><\/div><div class=\"icon_list_connector\"  style=\"border-right-width: 1px;border-right-style: dashed;border-color: #333333;\"><\/div><\/li><li class=\"icon_list_item\" style=\" font-size:72px;\"><div class=\"icon_list_icon\" data-animation=\"\" data-animation-delay=\"03\" style=\"font-size:24px;border-width:1px;border-style:none;background:#000000;color:#ffffff;border-color:#333333;\"><i class=\"Defaults-thumbs-up\" ><\/i><\/div><div class=\"icon_description\" id=\"Info-list-wrap-6577\" style=\"font-size:24px;\"><div class=\"icon_description_text ult-responsive\"  data-ultimate-target='#Info-list-wrap-6577 .icon_description_text'  data-responsive-json-new='{\"font-size\":\"desktop:13px;\",\"line-height\":\"desktop:18px;\"}'  style=\"\"><p>Prise en charge du courrier simple et \u00e9lectronique<\/p>\n<\/div><\/div><div class=\"icon_list_connector\"  style=\"border-right-width: 1px;border-right-style: dashed;border-color: #333333;\"><\/div><\/li><li class=\"icon_list_item\" style=\" font-size:72px;\"><div class=\"icon_list_icon\" data-animation=\"\" data-animation-delay=\"03\" style=\"font-size:24px;border-width:1px;border-style:none;background:#000000;color:#ffffff;border-color:#333333;\"><i class=\"Defaults-thumbs-up\" ><\/i><\/div><div class=\"icon_description\" id=\"Info-list-wrap-7245\" style=\"font-size:24px;\"><div class=\"icon_description_text ult-responsive\"  data-ultimate-target='#Info-list-wrap-7245 .icon_description_text'  data-responsive-json-new='{\"font-size\":\"desktop:13px;\",\"line-height\":\"desktop:18px;\"}'  style=\"\"><p>Cr\u00e9ation de documents d\u2019entreprises<\/p>\n<\/div><\/div><div class=\"icon_list_connector\"  style=\"border-right-width: 1px;border-right-style: dashed;border-color: #333333;\"><\/div><\/li><\/ul><\/div>[\/vc_column][vc_column width=\"1\/2\" css=\".vc_custom_1510584183779{border-top-width: 2px !important;border-right-width: 2px !important;border-bottom-width: 2px !important;border-left-width: 2px !important;padding-top: 60px !important;padding-right: 60px !important;padding-bottom: 20px !important;padding-left: 60px !important;border-left-color: #595ca1 !important;border-left-style: dotted !important;border-right-color: #595ca1 !important;border-right-style: dotted !important;border-top-color: #595ca1 !important;border-top-style: dotted !important;border-bottom-color: #595ca1 !important;border-bottom-style: dotted !important;}\"]<div class=\"smile_icon_list_wrap ult_info_list_container ult-adjust-bottom-margin  \"><ul class=\"smile_icon_list left square with_bg\"><li class=\"icon_list_item\" style=\" font-size:90px;\"><div class=\"icon_list_icon\" data-animation=\"\" data-animation-delay=\"03\" style=\"font-size:30px;border-width:1px;border-style:none;background:#595ca1;color:#ffffff;border-color:#333333;\"><i class=\"Defaults-check-circle\" ><\/i><\/div><div class=\"icon_description\" id=\"Info-list-wrap-8192\" style=\"font-size:30px;\"><div class=\"icon_description_text ult-responsive\"  data-ultimate-target='#Info-list-wrap-8192 .icon_description_text'  data-responsive-json-new='{\"font-size\":\"desktop:13px;\",\"line-height\":\"desktop:18px;\"}'  style=\"\"><h2><strong>+ 10 euros pour chaque heure suppl\u00e9mentaire\u00a0\u00a0\u00a0 <\/strong><\/h2>\n<\/div><\/div><div class=\"icon_list_connector\"  style=\"border-right-width: 1px;border-right-style: dashed;border-color: #333333;\"><\/div><\/li><li class=\"icon_list_item\" style=\" font-size:90px;\"><div class=\"icon_list_icon\" data-animation=\"\" data-animation-delay=\"03\" style=\"font-size:30px;border-width:1px;border-style:none;background:#595ca1;color:#ffffff;border-color:#333333;\"><i class=\"Defaults-check-circle\" ><\/i><\/div><div class=\"icon_description\" id=\"Info-list-wrap-7487\" style=\"font-size:30px;\"><div class=\"icon_description_text ult-responsive\"  data-ultimate-target='#Info-list-wrap-7487 .icon_description_text'  data-responsive-json-new='{\"font-size\":\"desktop:13px;\",\"line-height\":\"desktop:18px;\"}'  style=\"\"><h2>+ 25 % pour le week end<\/h2>\n<\/div><\/div><div class=\"icon_list_connector\"  style=\"border-right-width: 1px;border-right-style: dashed;border-color: #333333;\"><\/div><\/li><li class=\"icon_list_item\" style=\" font-size:90px;\"><div class=\"icon_list_icon\" data-animation=\"\" data-animation-delay=\"03\" style=\"font-size:30px;border-width:1px;border-style:none;background:#595ca1;color:#ffffff;border-color:#333333;\"><i class=\"Defaults-check-circle\" ><\/i><\/div><div class=\"icon_description\" id=\"Info-list-wrap-6387\" style=\"font-size:30px;\"><div class=\"icon_description_text ult-responsive\"  data-ultimate-target='#Info-list-wrap-6387 .icon_description_text'  data-responsive-json-new='{\"font-size\":\"desktop:13px;\",\"line-height\":\"desktop:18px;\"}'  style=\"\"><h2>+ 50 % \u03b3\u03b9\u03b1 pour les jours f\u00e9ri\u00e9s<\/h2>\n<\/div><\/div><div class=\"icon_list_connector\"  style=\"border-right-width: 1px;border-right-style: dashed;border-color: #333333;\"><\/div><\/li><\/ul><\/div>[\/vc_column][\/vc_row][vc_row][vc_column][vc_column_text]<\/p>\n<h3><strong><em>\u00a0Secr\u00e9tariat \u00e0 distance et \u00e0 l'heure <\/em><\/strong><\/h3>\n<p>[\/vc_column_text][\/vc_column][\/vc_row][vc_row][vc_column width=\"1\/3\"][vc_empty_space height=\"10\"][vc_btn title=\"Acheter\" color=\"peacoc\" size=\"lg\" align=\"center\" button_block=\"true\" link=\"url:http%3A%2F%2Fe-francais.gr%2Fproduct%2Fgrammateiaki-ypostiriksi%2F|\"][\/vc_column][vc_column width=\"2\/3\"][vc_column_text]SANS PACKAGE . \u2013 A L\u2019HEURE ............................................................................ 12 E<\/p>\n<p>SANS PACKAGE\u00a0 \u2013 A L\u2019HEURE\u00a0 \u2013 WEEK END\u00a0...................................................... 18 E<\/p>\n<p>SANS PACKAGE\u00a0 \u2013 A L\u2019HEURE\u00a0 \u2013 JOURS FERIES ................................................. 25 E[\/vc_column_text][\/vc_column][\/vc_row]<\/p>\n<\/div>","protected":false},"excerpt":{"rendered":"<p>[vc_row][vc_column width=\u00a0\u00bb1\/3&Prime;][vc_column_text] Vous n\u2019avez pas le temps de chercher et de trouver une\u00a0 secr\u00e9taire bilingue, Le co\u00fbt d\u2019un emploi permanent vous p\u00e8se \u00e9conomiquement ? &nbsp; [\/vc_column_text][vc_message icon_fontawesome=\u00a0\u00bbfa fa-thumbs-o-up\u00a0\u00bb] OFFRES SPECIALES Secr\u00e9tariat \u00e0 distance\u00a0 \u00ab20 heures par mois\u00a0\u00bb [\/vc_message][\/vc_column][vc_column width=\u00a0\u00bb2\/3&Prime;][vc_column_text] Nous vous proposons: [\/vc_column_text][vc_empty_space height=\u00a0\u00bb20&Prime;][vc_row_inner][vc_column_inner width=\u00a0\u00bb1\/2&Prime;][\/vc_column_inner][vc_column_inner width=\u00a0\u00bb1\/2&Prime;][\/vc_column_inner][\/vc_row_inner][vc_row_inner][vc_column_inner width=\u00a0\u00bb1\/2&Prime;][\/vc_column_inner][vc_column_inner width=\u00a0\u00bb1\/2&Prime;][\/vc_column_inner][\/vc_row_inner][vc_row_inner][vc_column_inner width=\u00a0\u00bb1\/2&Prime;][\/vc_column_inner][vc_column_inner width=\u00a0\u00bb1\/2&Prime;][\/vc_column_inner][\/vc_row_inner][\/vc_column][\/vc_row][vc_row][vc_column][vc_column_text] PACKAGE\u00a0 \u00ab\u00a0 20 HEURES\/MOIS \u00a0\u00bb [&hellip;]<\/p>\n","protected":false},"author":1,"featured_media":0,"parent":0,"menu_order":0,"comment_status":"closed","ping_status":"closed","template":"","meta":{"footnotes":""},"class_list":["post-457","page","type-page","status-publish","hentry"],"_links":{"self":[{"href":"https:\/\/e-francais.gr\/fr\/wp-json\/wp\/v2\/pages\/457","targetHints":{"allow":["GET"]}}],"collection":[{"href":"https:\/\/e-francais.gr\/fr\/wp-json\/wp\/v2\/pages"}],"about":[{"href":"https:\/\/e-francais.gr\/fr\/wp-json\/wp\/v2\/types\/page"}],"author":[{"embeddable":true,"href":"https:\/\/e-francais.gr\/fr\/wp-json\/wp\/v2\/users\/1"}],"replies":[{"embeddable":true,"href":"https:\/\/e-francais.gr\/fr\/wp-json\/wp\/v2\/comments?post=457"}],"version-history":[{"count":9,"href":"https:\/\/e-francais.gr\/fr\/wp-json\/wp\/v2\/pages\/457\/revisions"}],"predecessor-version":[{"id":814,"href":"https:\/\/e-francais.gr\/fr\/wp-json\/wp\/v2\/pages\/457\/revisions\/814"}],"wp:attachment":[{"href":"https:\/\/e-francais.gr\/fr\/wp-json\/wp\/v2\/media?parent=457"}],"curies":[{"name":"wp","href":"https:\/\/api.w.org\/{rel}","templated":true}]}}