{"id":464,"date":"2017-10-12T13:46:46","date_gmt":"2017-10-12T10:46:46","guid":{"rendered":"http:\/\/e-francais.gr\/symvouleftiki-ypostirksi\/"},"modified":"2018-02-07T14:44:43","modified_gmt":"2018-02-07T11:44:43","slug":"symvouleftiki-ypostirksi","status":"publish","type":"page","link":"https:\/\/e-francais.gr\/fr\/symvouleftiki-ypostirksi\/","title":{"rendered":"Soutien et conseil en Francais"},"content":{"rendered":"<div class=\"wpb-content-wrapper\"><p>[vc_row][vc_column width=\"1\/3\"][vc_column_text]<\/p>\n<blockquote>\n<p style=\"text-align: center;\"><strong><em>Vous souhaitez des conseils pour un soutien suppl\u00e9mentaire \u00e0 vos le\u00e7ons de fran\u00e7ais<\/em><\/strong><\/p>\n<p style=\"text-align: center;\"><strong><em>Vous souhaitez combler quelques \u00ab\u00a0lacunes\u00a0\u00bb<\/em><\/strong><\/p>\n<h3 style=\"text-align: center;\"><strong><em>Vous souhaitez trouver un emploi o\u00f9 le fran\u00e7ais est indispensable\u2026<\/em><\/strong><\/h3>\n<\/blockquote>\n<p>[\/vc_column_text][\/vc_column][vc_column width=\"2\/3\"][vc_column_text]<\/p>\n<h3 style=\"text-align: center;\">Nous vous proposons<\/h3>\n<p>[\/vc_column_text][vc_empty_space height=\"20\"]<div class=\"aio-icon-component    style_1\"><div id=\"Info-box-wrap-3311\" class=\"aio-icon-box default-icon\" style=\"\"  ><div class=\"aio-icon-default\"><div class=\"ult-just-icon-wrapper  \"><div class=\"align-icon\" style=\"text-align:center;\">\n<div class=\"aio-icon none \"  style=\"color:#333;font-size:32px;display:inline-block;\">\n\t<i class=\"Defaults-check\"><\/i>\n<\/div><\/div><\/div><\/div><div class=\"aio-icon-header\" ><h3 class=\"aio-icon-title ult-responsive\"  data-ultimate-target='#Info-box-wrap-3311 .aio-icon-title'  data-responsive-json-new='{\"font-size\":\"\",\"line-height\":\"\"}'  style=\"\">Soutien cours de fran\u00e7ais \u00e0 l\u2019heure \u2013 au mois<\/h3><\/div> <!-- header --><\/div> <!-- aio-icon-box --><\/div> <!-- aio-icon-component -->[\/vc_column][\/vc_row][vc_row][vc_column][\/vc_column][\/vc_row]<\/p>\n<\/div>","protected":false},"excerpt":{"rendered":"<p>[vc_row][vc_column width=\u00a0\u00bb1\/3&Prime;][vc_column_text] Vous souhaitez des conseils pour un soutien suppl\u00e9mentaire \u00e0 vos le\u00e7ons de fran\u00e7ais Vous souhaitez combler quelques \u00ab\u00a0lacunes\u00a0\u00bb Vous souhaitez trouver un emploi o\u00f9 le fran\u00e7ais est indispensable\u2026 [\/vc_column_text][\/vc_column][vc_column width=\u00a0\u00bb2\/3&Prime;][vc_column_text] Nous vous proposons [\/vc_column_text][vc_empty_space height=\u00a0\u00bb20&Prime;][\/vc_column][\/vc_row][vc_row][vc_column][\/vc_column][\/vc_row]<\/p>\n","protected":false},"author":1,"featured_media":0,"parent":0,"menu_order":0,"comment_status":"closed","ping_status":"closed","template":"","meta":{"footnotes":""},"class_list":["post-464","page","type-page","status-publish","hentry"],"_links":{"self":[{"href":"https:\/\/e-francais.gr\/fr\/wp-json\/wp\/v2\/pages\/464","targetHints":{"allow":["GET"]}}],"collection":[{"href":"https:\/\/e-francais.gr\/fr\/wp-json\/wp\/v2\/pages"}],"about":[{"href":"https:\/\/e-francais.gr\/fr\/wp-json\/wp\/v2\/types\/page"}],"author":[{"embeddable":true,"href":"https:\/\/e-francais.gr\/fr\/wp-json\/wp\/v2\/users\/1"}],"replies":[{"embeddable":true,"href":"https:\/\/e-francais.gr\/fr\/wp-json\/wp\/v2\/comments?post=464"}],"version-history":[{"count":2,"href":"https:\/\/e-francais.gr\/fr\/wp-json\/wp\/v2\/pages\/464\/revisions"}],"predecessor-version":[{"id":467,"href":"https:\/\/e-francais.gr\/fr\/wp-json\/wp\/v2\/pages\/464\/revisions\/467"}],"wp:attachment":[{"href":"https:\/\/e-francais.gr\/fr\/wp-json\/wp\/v2\/media?parent=464"}],"curies":[{"name":"wp","href":"https:\/\/api.w.org\/{rel}","templated":true}]}}