{"id":1971,"date":"2018-12-24T18:53:52","date_gmt":"2018-12-24T15:53:52","guid":{"rendered":"https:\/\/e-francais.gr\/?post_type=product&#038;p=1971"},"modified":"2018-12-24T18:53:52","modified_gmt":"2018-12-24T15:53:52","slug":"canal-m-o-o-c-banque-finance-niveau-a2-b1","status":"publish","type":"product","link":"https:\/\/e-francais.gr\/fr\/shop\/canal-m-o-o-c-banque-finance-niveau-a2-b1\/","title":{"rendered":"CANAL M.O.O.C &#8211; BANQUE\/FINANCE &#8211; NIVEAU A2\/B1"},"content":{"rendered":"<p style=\"text-align: center;\"><em><strong>CANAL M.O.O.C - BANQUE\/FINANCE - NIVEAU A2\/B1<\/strong> <\/em><\/p>\n<p>Cours sp\u00e9cialis\u00e9s pour les m\u00e9tiers de la banque et de la finance<\/p>\n","protected":false},"excerpt":{"rendered":"<p>CANAL M.O.O.C &#8211; BANQUE\/FINANCE &#8211; NIVEAU A2\/B1 Cours sp\u00e9cialis\u00e9s pour les m\u00e9tiers de la banque et de la finance<\/p>\n","protected":false},"featured_media":303,"comment_status":"closed","ping_status":"closed","template":"","meta":[],"product_brand":[],"product_cat":[41],"product_tag":[],"class_list":{"0":"post-1971","1":"product","2":"type-product","3":"status-publish","4":"has-post-thumbnail","6":"product_cat-soutenez-le-francais","8":"first","9":"instock","10":"virtual","11":"purchasable","12":"product-type-simple"},"_links":{"self":[{"href":"https:\/\/e-francais.gr\/fr\/wp-json\/wp\/v2\/product\/1971","targetHints":{"allow":["GET"]}}],"collection":[{"href":"https:\/\/e-francais.gr\/fr\/wp-json\/wp\/v2\/product"}],"about":[{"href":"https:\/\/e-francais.gr\/fr\/wp-json\/wp\/v2\/types\/product"}],"replies":[{"embeddable":true,"href":"https:\/\/e-francais.gr\/fr\/wp-json\/wp\/v2\/comments?post=1971"}],"wp:featuredmedia":[{"embeddable":true,"href":"https:\/\/e-francais.gr\/fr\/wp-json\/wp\/v2\/media\/303"}],"wp:attachment":[{"href":"https:\/\/e-francais.gr\/fr\/wp-json\/wp\/v2\/media?parent=1971"}],"wp:term":[{"taxonomy":"product_brand","embeddable":true,"href":"https:\/\/e-francais.gr\/fr\/wp-json\/wp\/v2\/product_brand?post=1971"},{"taxonomy":"product_cat","embeddable":true,"href":"https:\/\/e-francais.gr\/fr\/wp-json\/wp\/v2\/product_cat?post=1971"},{"taxonomy":"product_tag","embeddable":true,"href":"https:\/\/e-francais.gr\/fr\/wp-json\/wp\/v2\/product_tag?post=1971"}],"curies":[{"name":"wp","href":"https:\/\/api.w.org\/{rel}","templated":true}]}}