{"id":949,"date":"2018-02-07T22:49:30","date_gmt":"2018-02-07T19:49:30","guid":{"rendered":"https:\/\/e-francais.gr\/?post_type=product&#038;p=949"},"modified":"2018-02-18T23:53:09","modified_gmt":"2018-02-18T20:53:09","slug":"lhistoire-des-gateaux-francais-et-de-leur-origine","status":"publish","type":"product","link":"https:\/\/e-francais.gr\/fr\/shop\/lhistoire-des-gateaux-francais-et-de-leur-origine\/","title":{"rendered":"L&rsquo;HISTOIRE DES GATEAUX FRANCAIS"},"content":{"rendered":"<p>L'HISTOIRE DES GATEAUX FRANCAIS<\/p>\n<p>Toute l'histoire autour de l'origine des g\u00e2teaux fran\u00e7ais et de leur \u00e9volution \u00e0 travers le temps.<\/p>\n<p>&nbsp;<\/p>\n","protected":false},"excerpt":{"rendered":"<p>L&rsquo;HISTOIRE DES GATEAUX FRANCAIS Toute l&rsquo;histoire autour de l&rsquo;origine des g\u00e2teaux fran\u00e7ais et de leur \u00e9volution \u00e0 travers le temps. &nbsp;<\/p>\n","protected":false},"featured_media":1035,"comment_status":"closed","ping_status":"closed","template":"","meta":[],"product_brand":[],"product_cat":[39],"product_tag":[],"class_list":{"0":"post-949","1":"product","2":"type-product","3":"status-publish","4":"has-post-thumbnail","6":"product_cat-ta-gallika-fagita-kai-i-istoria-tous-fr","8":"first","9":"instock","10":"virtual","11":"purchasable","12":"product-type-simple"},"_links":{"self":[{"href":"https:\/\/e-francais.gr\/fr\/wp-json\/wp\/v2\/product\/949","targetHints":{"allow":["GET"]}}],"collection":[{"href":"https:\/\/e-francais.gr\/fr\/wp-json\/wp\/v2\/product"}],"about":[{"href":"https:\/\/e-francais.gr\/fr\/wp-json\/wp\/v2\/types\/product"}],"replies":[{"embeddable":true,"href":"https:\/\/e-francais.gr\/fr\/wp-json\/wp\/v2\/comments?post=949"}],"wp:featuredmedia":[{"embeddable":true,"href":"https:\/\/e-francais.gr\/fr\/wp-json\/wp\/v2\/media\/1035"}],"wp:attachment":[{"href":"https:\/\/e-francais.gr\/fr\/wp-json\/wp\/v2\/media?parent=949"}],"wp:term":[{"taxonomy":"product_brand","embeddable":true,"href":"https:\/\/e-francais.gr\/fr\/wp-json\/wp\/v2\/product_brand?post=949"},{"taxonomy":"product_cat","embeddable":true,"href":"https:\/\/e-francais.gr\/fr\/wp-json\/wp\/v2\/product_cat?post=949"},{"taxonomy":"product_tag","embeddable":true,"href":"https:\/\/e-francais.gr\/fr\/wp-json\/wp\/v2\/product_tag?post=949"}],"curies":[{"name":"wp","href":"https:\/\/api.w.org\/{rel}","templated":true}]}}